{"id":1217,"date":"2020-03-03T11:26:04","date_gmt":"2020-03-03T10:26:04","guid":{"rendered":"https:\/\/www.trust-immobiliere.com\/?page_id=1217"},"modified":"2021-02-11T21:31:28","modified_gmt":"2021-02-11T20:31:28","slug":"definition","status":"publish","type":"page","link":"https:\/\/www.trust-immobiliere.com\/index.php\/definition\/","title":{"rendered":"Nos missions"},"content":{"rendered":"\n\n<div id=\"pl-gb1217-69f3f2957e3b7\"  class=\"panel-layout\" ><div id=\"pg-gb1217-69f3f2957e3b7-0\"  class=\"panel-grid panel-no-style\" ><div id=\"pgc-gb1217-69f3f2957e3b7-0-0\"  class=\"panel-grid-cell panel-grid-cell-empty\" ><\/div><div id=\"pgc-gb1217-69f3f2957e3b7-0-1\"  class=\"panel-grid-cell panel-grid-cell-mobile-last\" ><div id=\"panel-gb1217-69f3f2957e3b7-0-1-0\" class=\"so-panel widget widget_black-studio-tinymce widget_black_studio_tinymce panel-first-child panel-last-child\" data-index=\"0\" ><div class=\"textwidget\"><p class=\"test\" style=\"text-align: center;\"><span class=\"test\" style=\"text-align: center;\">La gestion immobili\u00e8re et particuli\u00e8rement le syndic immobilier professionnel<strong> est l\u2019un des activit\u00e9s de TRUST IMMOBILIERE<\/strong>.<br \/><\/span><span class=\"test\" style=\"text-align: center;\">A travers <strong>Le syndic de copropri\u00e9t\u00e9 professionnel, <\/strong>Trust immobili\u00e8re vise \u00e0 conserver la bonne image de marque de la soci\u00e9t\u00e9 immobili\u00e8re et \u00e0 appr\u00e9cier le patrimoine immobilier.<br \/><\/span><span class=\"test\" style=\"text-align: center;\">TRUST IMMOBILIERE est caract\u00e9ris\u00e9e par une \u00e9quipe de professionnels dynamique et serviables sp\u00e9cialises dans\u00a0 <strong>Le syndic de copropri\u00e9t\u00e9 professionnel<\/strong>.<br \/><\/span><\/p>\n<p><img loading=\"lazy\" class=\"size-medium wp-image-1230 aligncenter\" src=\"https:\/\/www.trust-immobiliere.com\/wp-content\/uploads\/2020\/03\/syc-300x148.jpg\" alt=\"\" width=\"350\" height=\"250\" \/><strong><span class=\"test\" style=\"text-align: center;\">Le syndic de copropri\u00e9t\u00e9 profess\u0131onnel <\/span><\/strong>aura pour mission d\u2019assurer les t\u00e2ches de gestion courantes et pourra assurer certaines prestations exceptionnelles de gestion et prestations particuli\u00e8res \u00e0 certains copropri\u00e9taires.<\/p>\n<\/div><\/div><\/div><div id=\"pgc-gb1217-69f3f2957e3b7-0-2\"  class=\"panel-grid-cell panel-grid-cell-empty\" ><\/div><\/div><\/div>\n\n\n<p><\/p>\n","protected":false},"excerpt":{"rendered":"","protected":false},"author":1,"featured_media":0,"parent":0,"menu_order":0,"comment_status":"closed","ping_status":"closed","template":"","meta":[],"_links":{"self":[{"href":"https:\/\/www.trust-immobiliere.com\/index.php\/wp-json\/wp\/v2\/pages\/1217"}],"collection":[{"href":"https:\/\/www.trust-immobiliere.com\/index.php\/wp-json\/wp\/v2\/pages"}],"about":[{"href":"https:\/\/www.trust-immobiliere.com\/index.php\/wp-json\/wp\/v2\/types\/page"}],"author":[{"embeddable":true,"href":"https:\/\/www.trust-immobiliere.com\/index.php\/wp-json\/wp\/v2\/users\/1"}],"replies":[{"embeddable":true,"href":"https:\/\/www.trust-immobiliere.com\/index.php\/wp-json\/wp\/v2\/comments?post=1217"}],"version-history":[{"count":15,"href":"https:\/\/www.trust-immobiliere.com\/index.php\/wp-json\/wp\/v2\/pages\/1217\/revisions"}],"predecessor-version":[{"id":4367,"href":"https:\/\/www.trust-immobiliere.com\/index.php\/wp-json\/wp\/v2\/pages\/1217\/revisions\/4367"}],"wp:attachment":[{"href":"https:\/\/www.trust-immobiliere.com\/index.php\/wp-json\/wp\/v2\/media?parent=1217"}],"curies":[{"name":"wp","href":"https:\/\/api.w.org\/{rel}","templated":true}]}}