{"id":1221,"date":"2020-03-03T11:28:07","date_gmt":"2020-03-03T10:28:07","guid":{"rendered":"https:\/\/www.trust-immobiliere.com\/?page_id=1221"},"modified":"2020-03-03T12:28:42","modified_gmt":"2020-03-03T11:28:42","slug":"gestion-courante","status":"publish","type":"page","link":"https:\/\/www.trust-immobiliere.com\/index.php\/gestion-courante\/","title":{"rendered":"Gestion courante"},"content":{"rendered":"<div id=\"pl-gb1221-6a0079f7b1a36\"  class=\"panel-layout\" ><div id=\"pg-gb1221-6a0079f7b1a36-0\"  class=\"panel-grid panel-no-style\" ><div id=\"pgc-gb1221-6a0079f7b1a36-0-0\"  class=\"panel-grid-cell\" ><div id=\"panel-gb1221-6a0079f7b1a36-0-0-0\" class=\"so-panel widget widget_black-studio-tinymce widget_black_studio_tinymce panel-first-child panel-last-child\" data-index=\"0\" ><div class=\"textwidget\"><p class=\"test1\" style=\"text-align: center;\"><strong>La tenue des assembl\u00e9es g\u00e9n\u00e9rales et conseil syndical la pr\u00e9c\u00e9dant<\/strong><\/p>\n<p class=\"test\">&#8211; Envoi de convocations .<br \/>\n&#8211; Ex\u00e9cution des d\u00e9cisions de gestion courante, r\u00e9daction P.V., feuilles de pr\u00e9sence, tenue du registre des d\u00e9lib\u00e9rations.<br \/>\n&#8211; Diffusion du proc\u00e8s-verbal aux absents et opposants.<br \/>\n&#8211; D\u00e9gagement diffusion des conditions essentielles des contrats, devis et march\u00e9s, entretien courant.<\/p>\n<\/div><\/div><\/div><\/div><div id=\"pg-gb1221-6a0079f7b1a36-1\"  class=\"panel-grid panel-no-style\" ><div id=\"pgc-gb1221-6a0079f7b1a36-1-0\"  class=\"panel-grid-cell\" ><div id=\"panel-gb1221-6a0079f7b1a36-1-0-0\" class=\"so-panel widget widget_black-studio-tinymce widget_black_studio_tinymce panel-first-child panel-last-child\" data-index=\"1\" ><div class=\"textwidget\"><p class=\"test1\" style=\"text-align: center;\"><strong>Comptes de charges courantes<\/strong><\/p>\n<p class=\"test\">\u00a0-Tenue des comptes de la copropri\u00e9t\u00e9.<br \/>\n-Tenue des comptes individuels des copropri\u00e9taires.<br \/>\n-Appel de provisions pour charges courantes.<br \/>\n-Paiement des factures courantes et r\u00e9partition des d\u00e9penses entre les copropri\u00e9taires.<br \/>\n-Prestation des comptes de gestion, \u00e9tat des cr\u00e9ances et dettes, situation de tr\u00e9sorerie, budget pr\u00e9visionnel.<br \/>\n-Etablissement et mise \u00e0 jour de la liste des copropri\u00e9taires.<\/p>\n<\/div><\/div><\/div><\/div><\/div>","protected":false},"excerpt":{"rendered":"","protected":false},"author":1,"featured_media":0,"parent":0,"menu_order":0,"comment_status":"closed","ping_status":"closed","template":"","meta":[],"_links":{"self":[{"href":"https:\/\/www.trust-immobiliere.com\/index.php\/wp-json\/wp\/v2\/pages\/1221"}],"collection":[{"href":"https:\/\/www.trust-immobiliere.com\/index.php\/wp-json\/wp\/v2\/pages"}],"about":[{"href":"https:\/\/www.trust-immobiliere.com\/index.php\/wp-json\/wp\/v2\/types\/page"}],"author":[{"embeddable":true,"href":"https:\/\/www.trust-immobiliere.com\/index.php\/wp-json\/wp\/v2\/users\/1"}],"replies":[{"embeddable":true,"href":"https:\/\/www.trust-immobiliere.com\/index.php\/wp-json\/wp\/v2\/comments?post=1221"}],"version-history":[{"count":8,"href":"https:\/\/www.trust-immobiliere.com\/index.php\/wp-json\/wp\/v2\/pages\/1221\/revisions"}],"predecessor-version":[{"id":1257,"href":"https:\/\/www.trust-immobiliere.com\/index.php\/wp-json\/wp\/v2\/pages\/1221\/revisions\/1257"}],"wp:attachment":[{"href":"https:\/\/www.trust-immobiliere.com\/index.php\/wp-json\/wp\/v2\/media?parent=1221"}],"curies":[{"name":"wp","href":"https:\/\/api.w.org\/{rel}","templated":true}]}}