{"id":2442,"date":"2020-03-19T22:06:13","date_gmt":"2020-03-19T21:06:13","guid":{"rendered":"https:\/\/www.trust-immobiliere.com\/?page_id=2442"},"modified":"2020-05-09T02:04:14","modified_gmt":"2020-05-09T00:04:14","slug":"agence-laouina","status":"publish","type":"page","link":"https:\/\/www.trust-immobiliere.com\/index.php\/agence-laouina\/","title":{"rendered":"Agence Laouina"},"content":{"rendered":"<div id=\"pl-2442\"  class=\"panel-layout\" ><div id=\"pg-2442-0\"  class=\"panel-grid panel-no-style\" ><div id=\"pgc-2442-0-0\"  class=\"panel-grid-cell\" ><div id=\"panel-2442-0-0-0\" class=\"so-panel widget widget_black-studio-tinymce widget_black_studio_tinymce panel-first-child panel-last-child\" data-index=\"0\" ><div class=\"textwidget\"><p class=\"test\" style=\"text-align: center;\"><strong>Petits-fils<\/strong> est un r\u00e9seau national d\u2019agences de Services \u00e0 la Personne. Saisissez l\u2019adresse de la personne \u00e0 aider pour trouver l\u2019agence la plus proche.<\/p>\n<\/div><\/div><\/div><\/div><div id=\"pg-2442-1\"  class=\"panel-grid panel-no-style\" ><div id=\"pgc-2442-1-0\"  class=\"panel-grid-cell\" ><div id=\"panel-2442-1-0-0\" class=\"so-panel widget widget_black-studio-tinymce widget_black_studio_tinymce panel-first-child panel-last-child\" data-index=\"1\" ><div class=\"textwidget\"><p class=\"test\" style=\"text-align: center;\"><span class=\"\" style=\"display:block;clear:both;height: 0px;padding-top: 10px;border-top-width:0px;border-bottom-width:0px;\"><\/span><\/p>\n<\/div><\/div><\/div><\/div><div id=\"pg-2442-2\"  class=\"panel-grid panel-no-style\" ><div id=\"pgc-2442-2-0\"  class=\"panel-grid-cell\" ><div id=\"panel-2442-2-0-0\" class=\"so-panel widget widget_black-studio-tinymce widget_black_studio_tinymce panel-first-child panel-last-child\" data-index=\"2\" ><div class=\"textwidget\"><p class=\"test1\" style=\"text-align: center;\"><strong>Agence LAOUINA<\/strong><\/p>\n<p class=\"test\">L\u2019organisme le mieux plac\u00e9 pour prendre en charge les diff\u00e9rentes transactions immobili\u00e8res c\u2019est bel et bien l\u2019agence immobili\u00e8re, regroupant des experts et des contacts professionnels dans le domaine de l\u2019immobilier. Confier son bien ou chercher directement un bien chez une agence immobili\u00e8re, permet d\u2019avoir des prestations adapt\u00e9es \u00e0 chaque cas<\/p>\n<p style=\"text-align: center;\"><a id=\"azerty12\" href=\"\/index.php\/contact\/\">Plus<\/a><\/p>\n<\/div><\/div><\/div><div id=\"pgc-2442-2-1\"  class=\"panel-grid-cell\" ><div id=\"panel-2442-2-1-0\" class=\"so-panel widget widget_black-studio-tinymce widget_black_studio_tinymce panel-first-child panel-last-child\" data-index=\"3\" ><div class=\"textwidget\"><p><!-- Begin magiczoom -->\n<div class=\"MagicToolboxContainer selectorsBottom minWidth\">\n    <a class=\"MagicZoom\" id=\"MagicZoom-shortcode-2\" title=\"d8275bc2ca19697ffdca5f83ecc3e588.0\" href=\"https:\/\/www.trust-immobiliere.com\/wp-content\/uploads\/2020\/03\/d8275bc2ca19697ffdca5f83ecc3e588.0-e1583412927823.jpg\" data-shortcode><img src=\"https:\/\/www.trust-immobiliere.com\/wp-content\/uploads\/magictoolbox_cache\/cf3e6ec01aac7cb79461bcfe9d0d075e\/450x450\/-2052890416\/d8275bc2ca19697ffdca5f83ecc3e588.0-e1583412927823.jpg\" alt=\"\"\/><\/a><\/div>\n<!-- End magiczoom -->\n<\/p>\n<\/div><\/div><\/div><\/div><\/div>","protected":false},"excerpt":{"rendered":"<p>Petits-fils est un r\u00e9seau national d\u2019agences de Services \u00e0 la Personne. Saisissez l\u2019adresse de la personne \u00e0 aider pour trouver [&hellip;]<\/p>\n","protected":false},"author":1,"featured_media":0,"parent":0,"menu_order":0,"comment_status":"closed","ping_status":"closed","template":"","meta":[],"_links":{"self":[{"href":"https:\/\/www.trust-immobiliere.com\/index.php\/wp-json\/wp\/v2\/pages\/2442"}],"collection":[{"href":"https:\/\/www.trust-immobiliere.com\/index.php\/wp-json\/wp\/v2\/pages"}],"about":[{"href":"https:\/\/www.trust-immobiliere.com\/index.php\/wp-json\/wp\/v2\/types\/page"}],"author":[{"embeddable":true,"href":"https:\/\/www.trust-immobiliere.com\/index.php\/wp-json\/wp\/v2\/users\/1"}],"replies":[{"embeddable":true,"href":"https:\/\/www.trust-immobiliere.com\/index.php\/wp-json\/wp\/v2\/comments?post=2442"}],"version-history":[{"count":10,"href":"https:\/\/www.trust-immobiliere.com\/index.php\/wp-json\/wp\/v2\/pages\/2442\/revisions"}],"predecessor-version":[{"id":3290,"href":"https:\/\/www.trust-immobiliere.com\/index.php\/wp-json\/wp\/v2\/pages\/2442\/revisions\/3290"}],"wp:attachment":[{"href":"https:\/\/www.trust-immobiliere.com\/index.php\/wp-json\/wp\/v2\/media?parent=2442"}],"curies":[{"name":"wp","href":"https:\/\/api.w.org\/{rel}","templated":true}]}}