{"id":1001,"date":"2020-02-27T14:42:39","date_gmt":"2020-02-27T13:42:39","guid":{"rendered":"https:\/\/www.trust-immobiliere.com\/?post_type=product&#038;p=1001"},"modified":"2021-07-10T05:25:36","modified_gmt":"2021-07-10T03:25:36","slug":"s3-mailven","status":"publish","type":"product","link":"https:\/\/www.trust-immobiliere.com\/index.php\/produit\/s3-mailven\/","title":{"rendered":"S+3-Ain Zaghouan"},"content":{"rendered":"<p>N&rsquo;h\u00e9sitez pas \u00e0 nous contacter sur : 24266000 \/ 26 404509 \/ 98 705836 \/ 55336649<\/p>\n","protected":false},"excerpt":{"rendered":"<p>L\u2019Agence TRUST IMMOBILIERE propose \u00e0 vendre des appartements dans une R\u00e9sidence R+7 de haut standing Situ\u00e9e \u00e0 AIN ZAGHOUAN.<br \/>\nLa surface des S+3 est 141m2<br \/>\nLe prix des S+3 est 337000 DT<br \/>\nLe prix de la place de parking au sous-sol est 18000 DT<br \/>\nLa Remise des cl\u00e9s est pr\u00e9vue pour SEPTEMBRE 2020 .<\/p>\n","protected":false},"featured_media":987,"comment_status":"open","ping_status":"closed","template":"","meta":[],"_links":{"self":[{"href":"https:\/\/www.trust-immobiliere.com\/index.php\/wp-json\/wp\/v2\/product\/1001"}],"collection":[{"href":"https:\/\/www.trust-immobiliere.com\/index.php\/wp-json\/wp\/v2\/product"}],"about":[{"href":"https:\/\/www.trust-immobiliere.com\/index.php\/wp-json\/wp\/v2\/types\/product"}],"replies":[{"embeddable":true,"href":"https:\/\/www.trust-immobiliere.com\/index.php\/wp-json\/wp\/v2\/comments?post=1001"}],"wp:featuredmedia":[{"embeddable":true,"href":"https:\/\/www.trust-immobiliere.com\/index.php\/wp-json\/wp\/v2\/media\/987"}],"wp:attachment":[{"href":"https:\/\/www.trust-immobiliere.com\/index.php\/wp-json\/wp\/v2\/media?parent=1001"}],"curies":[{"name":"wp","href":"https:\/\/api.w.org\/{rel}","templated":true}]}}