{"id":1007,"date":"2020-02-27T14:51:46","date_gmt":"2020-02-27T13:51:46","guid":{"rendered":"https:\/\/www.trust-immobiliere.com\/?post_type=product&#038;p=1007"},"modified":"2020-02-27T14:52:33","modified_gmt":"2020-02-27T13:52:33","slug":"s3-ostraven","status":"publish","type":"product","link":"https:\/\/www.trust-immobiliere.com\/index.php\/produit\/s3-ostraven\/","title":{"rendered":"S+3-Berges du lac"},"content":{"rendered":"<p>N&rsquo;h\u00e9sitez pas \u00e0 nous contacter sur : 24266000 \/ 26 404509 \/ 98 705836 \/ 55336649<\/p>\n","protected":false},"excerpt":{"rendered":"<p>L\u2019Agence TRUST IMMOBILIERE propose \u00e0 vendre des appartements dans un immeuble r\u00e9sidentiel R+8 de tr\u00e8s haut standing Situ\u00e9e aux berges du lac.<br \/>\nLa surface des S+3 varie entre197,4m2 et 256,8 m2<br \/>\nLe prix des S+3 var\u0131e entre830.000 DT et 1.080,000 DT<\/p>\n","protected":false},"featured_media":1003,"comment_status":"open","ping_status":"closed","template":"","meta":[],"_links":{"self":[{"href":"https:\/\/www.trust-immobiliere.com\/index.php\/wp-json\/wp\/v2\/product\/1007"}],"collection":[{"href":"https:\/\/www.trust-immobiliere.com\/index.php\/wp-json\/wp\/v2\/product"}],"about":[{"href":"https:\/\/www.trust-immobiliere.com\/index.php\/wp-json\/wp\/v2\/types\/product"}],"replies":[{"embeddable":true,"href":"https:\/\/www.trust-immobiliere.com\/index.php\/wp-json\/wp\/v2\/comments?post=1007"}],"wp:featuredmedia":[{"embeddable":true,"href":"https:\/\/www.trust-immobiliere.com\/index.php\/wp-json\/wp\/v2\/media\/1003"}],"wp:attachment":[{"href":"https:\/\/www.trust-immobiliere.com\/index.php\/wp-json\/wp\/v2\/media?parent=1007"}],"curies":[{"name":"wp","href":"https:\/\/api.w.org\/{rel}","templated":true}]}}