{"id":1008,"date":"2020-02-27T14:53:48","date_gmt":"2020-02-27T13:53:48","guid":{"rendered":"https:\/\/www.trust-immobiliere.com\/?post_type=product&#038;p=1008"},"modified":"2025-05-20T00:33:42","modified_gmt":"2025-05-19T22:33:42","slug":"s4-ostraven","status":"publish","type":"product","link":"https:\/\/www.trust-immobiliere.com\/index.php\/produit\/s4-ostraven\/","title":{"rendered":"S+4-Berges du lac"},"content":{"rendered":"<p>N&rsquo;h\u00e9sitez pas \u00e0 nous contacter sur : 24266000 \/ 26 404509 \/ 98 705836 \/ 55336649<\/p>\n","protected":false},"excerpt":{"rendered":"<p>L\u2019Agence TRUST IMMOBILIERE propose \u00e0 vendre des lofts de tr\u00e8s haut standing de type S+4 dans un immeuble r\u00e9sidentiel R+8 Situ\u00e9e aux berges du lac.<\/p>\n<p>Les appartements sont de type lofts<br \/>\nLa surface des lofts de type S+4varie entre 307,30 m2 et 489,90 m2<br \/>\nLe prix des lofts de type S+4 var\u0131e entre 1.820.000 DT et 2.566,000 DT<\/p>\n<p>Les lofts comprennent des jardins et piscines<\/p>\n<p>La Remise des cl\u00e9s est pr\u00e9vue pour SEPTEMBRE 2020.<\/p>\n","protected":false},"featured_media":1003,"comment_status":"open","ping_status":"closed","template":"","meta":[],"_links":{"self":[{"href":"https:\/\/www.trust-immobiliere.com\/index.php\/wp-json\/wp\/v2\/product\/1008"}],"collection":[{"href":"https:\/\/www.trust-immobiliere.com\/index.php\/wp-json\/wp\/v2\/product"}],"about":[{"href":"https:\/\/www.trust-immobiliere.com\/index.php\/wp-json\/wp\/v2\/types\/product"}],"replies":[{"embeddable":true,"href":"https:\/\/www.trust-immobiliere.com\/index.php\/wp-json\/wp\/v2\/comments?post=1008"}],"wp:featuredmedia":[{"embeddable":true,"href":"https:\/\/www.trust-immobiliere.com\/index.php\/wp-json\/wp\/v2\/media\/1003"}],"wp:attachment":[{"href":"https:\/\/www.trust-immobiliere.com\/index.php\/wp-json\/wp\/v2\/media?parent=1008"}],"curies":[{"name":"wp","href":"https:\/\/api.w.org\/{rel}","templated":true}]}}