{"id":1010,"date":"2020-02-27T14:58:54","date_gmt":"2020-02-27T13:58:54","guid":{"rendered":"https:\/\/www.trust-immobiliere.com\/?post_type=product&#038;p=1010"},"modified":"2025-08-04T13:34:41","modified_gmt":"2025-08-04T11:34:41","slug":"tris3-ostraven","status":"publish","type":"product","link":"https:\/\/www.trust-immobiliere.com\/index.php\/produit\/tris3-ostraven\/","title":{"rendered":"Triplex-Berges du lac"},"content":{"rendered":"<p>N&rsquo;h\u00e9sitez pas \u00e0 nous contacter sur : 24266000 \/ 26 404509 \/ 98 705836 \/ 55336649<\/p>\n","protected":false},"excerpt":{"rendered":"<p>L\u2019Agence TRUST IMMOBILIERE propose \u00e0 vendre un triplex de tr\u00e8s haut standing de type S+3 et S+4 situe dans un immeuble r\u00e9sidentiel R+8aux berges du lac.<\/p>\n<p>La surface des triplex S+3 est 281.75 m2<br \/>\nLa surface du jardin est 55 m2<br \/>\nLe prix des du triplex S+3 est  1.556.500 DT <\/p>\n<p>La Remise des cl\u00e9s est pr\u00e9vue pour SEPTEMBRE 2020.<\/p>\n","protected":false},"featured_media":1003,"comment_status":"open","ping_status":"closed","template":"","meta":[],"_links":{"self":[{"href":"https:\/\/www.trust-immobiliere.com\/index.php\/wp-json\/wp\/v2\/product\/1010"}],"collection":[{"href":"https:\/\/www.trust-immobiliere.com\/index.php\/wp-json\/wp\/v2\/product"}],"about":[{"href":"https:\/\/www.trust-immobiliere.com\/index.php\/wp-json\/wp\/v2\/types\/product"}],"replies":[{"embeddable":true,"href":"https:\/\/www.trust-immobiliere.com\/index.php\/wp-json\/wp\/v2\/comments?post=1010"}],"wp:featuredmedia":[{"embeddable":true,"href":"https:\/\/www.trust-immobiliere.com\/index.php\/wp-json\/wp\/v2\/media\/1003"}],"wp:attachment":[{"href":"https:\/\/www.trust-immobiliere.com\/index.php\/wp-json\/wp\/v2\/media?parent=1010"}],"curies":[{"name":"wp","href":"https:\/\/api.w.org\/{rel}","templated":true}]}}