{"id":1033,"date":"2020-02-28T08:56:11","date_gmt":"2020-02-28T07:56:11","guid":{"rendered":"https:\/\/www.trust-immobiliere.com\/?post_type=product&#038;p=1033"},"modified":"2025-08-01T12:36:39","modified_gmt":"2025-08-01T10:36:39","slug":"s4-ceillven","status":"publish","type":"product","link":"https:\/\/www.trust-immobiliere.com\/index.php\/produit\/s4-ceillven\/","title":{"rendered":"S+4-Ennasr 2"},"content":{"rendered":"<p>N&rsquo;h\u00e9sitez pas \u00e0 nous contacter sur : 24266000 \/ 26 404509 \/ 98 705836 \/ 55336649<\/p>\n","protected":false},"excerpt":{"rendered":"<p>L\u2019Agence TRUST IMMOBILIERE Vous propose la vente des appartements de haut standing dans une R\u00e9sidence R+6 Situ\u00e9e \u00e0 ENNASR 2 ,<br \/>\nLa surface des S+4 est 211 m2<br \/>\nLe prix des S+4 est 486.000 DT<br \/>\nLe prix de la place de parking au sous-sol est 15000 DT<br \/>\nLa Remise des cl\u00e9s est imm\u00e9diate.<\/p>\n","protected":false},"featured_media":1021,"comment_status":"open","ping_status":"closed","template":"","meta":[],"_links":{"self":[{"href":"https:\/\/www.trust-immobiliere.com\/index.php\/wp-json\/wp\/v2\/product\/1033"}],"collection":[{"href":"https:\/\/www.trust-immobiliere.com\/index.php\/wp-json\/wp\/v2\/product"}],"about":[{"href":"https:\/\/www.trust-immobiliere.com\/index.php\/wp-json\/wp\/v2\/types\/product"}],"replies":[{"embeddable":true,"href":"https:\/\/www.trust-immobiliere.com\/index.php\/wp-json\/wp\/v2\/comments?post=1033"}],"wp:featuredmedia":[{"embeddable":true,"href":"https:\/\/www.trust-immobiliere.com\/index.php\/wp-json\/wp\/v2\/media\/1021"}],"wp:attachment":[{"href":"https:\/\/www.trust-immobiliere.com\/index.php\/wp-json\/wp\/v2\/media?parent=1033"}],"curies":[{"name":"wp","href":"https:\/\/api.w.org\/{rel}","templated":true}]}}