{"id":1034,"date":"2020-02-28T08:58:08","date_gmt":"2020-02-28T07:58:08","guid":{"rendered":"https:\/\/www.trust-immobiliere.com\/?post_type=product&#038;p=1034"},"modified":"2020-02-28T09:01:46","modified_gmt":"2020-02-28T08:01:46","slug":"s3-doniaven","status":"publish","type":"product","link":"https:\/\/www.trust-immobiliere.com\/index.php\/produit\/s3-doniaven\/","title":{"rendered":"S+3-Mannouba"},"content":{"rendered":"<p>N&rsquo;h\u00e9sitez pas \u00e0 nous contacter sur : 24266000 \/ 26 404509 \/ 98 705836 \/ 55336649<\/p>\n","protected":false},"excerpt":{"rendered":"<p>L\u2019Agence TRUST IMMOBILIERE Vous propose la vente des appartements de haut standing dans une R\u00e9sidence R+4 Situ\u00e9e \u00e0 la Mannouba,<br \/>\nLa surface des S+3 varie entre 140 m2 et 170 m2<br \/>\nLe prix des S+3 varie entre 245000 m2 et 295000 DT<br \/>\nLe prix de la place de parking au sous-sol est 12000 DT<br \/>\nLa Remise des cl\u00e9s est imm\u00e9diate.<\/p>\n","protected":false},"featured_media":1035,"comment_status":"open","ping_status":"closed","template":"","meta":[],"_links":{"self":[{"href":"https:\/\/www.trust-immobiliere.com\/index.php\/wp-json\/wp\/v2\/product\/1034"}],"collection":[{"href":"https:\/\/www.trust-immobiliere.com\/index.php\/wp-json\/wp\/v2\/product"}],"about":[{"href":"https:\/\/www.trust-immobiliere.com\/index.php\/wp-json\/wp\/v2\/types\/product"}],"replies":[{"embeddable":true,"href":"https:\/\/www.trust-immobiliere.com\/index.php\/wp-json\/wp\/v2\/comments?post=1034"}],"wp:featuredmedia":[{"embeddable":true,"href":"https:\/\/www.trust-immobiliere.com\/index.php\/wp-json\/wp\/v2\/media\/1035"}],"wp:attachment":[{"href":"https:\/\/www.trust-immobiliere.com\/index.php\/wp-json\/wp\/v2\/media?parent=1034"}],"curies":[{"name":"wp","href":"https:\/\/api.w.org\/{rel}","templated":true}]}}