{"id":1045,"date":"2020-02-28T09:02:15","date_gmt":"2020-02-28T08:02:15","guid":{"rendered":"https:\/\/www.trust-immobiliere.com\/?post_type=product&#038;p=1045"},"modified":"2020-02-28T09:03:30","modified_gmt":"2020-02-28T08:03:30","slug":"s4-doniaven","status":"publish","type":"product","link":"https:\/\/www.trust-immobiliere.com\/index.php\/produit\/s4-doniaven\/","title":{"rendered":"S+2-Mannouba"},"content":{"rendered":"<p>N&rsquo;h\u00e9sitez pas \u00e0 nous contacter sur : 24266000 \/ 26 404509 \/ 98 705836 \/ 55336649<\/p>\n","protected":false},"excerpt":{"rendered":"<p>L\u2019Agence TRUST IMMOBILIERE Vous propose la vente des appartements de haut standing dans une R\u00e9sidence R+4 Situ\u00e9e \u00e0 la Mannouba,<br \/>\nLa surface des S+2 varie entre 116 m2 et 120 m2<br \/>\nLe prix des S+2 varie entre 205000 m2 et 215000 DT<br \/>\nLe prix de la place de parking au sous-sol est 12000 DT<br \/>\nLa Remise des cl\u00e9s est imm\u00e9diate.<\/p>\n","protected":false},"featured_media":1035,"comment_status":"open","ping_status":"closed","template":"","meta":[],"_links":{"self":[{"href":"https:\/\/www.trust-immobiliere.com\/index.php\/wp-json\/wp\/v2\/product\/1045"}],"collection":[{"href":"https:\/\/www.trust-immobiliere.com\/index.php\/wp-json\/wp\/v2\/product"}],"about":[{"href":"https:\/\/www.trust-immobiliere.com\/index.php\/wp-json\/wp\/v2\/types\/product"}],"replies":[{"embeddable":true,"href":"https:\/\/www.trust-immobiliere.com\/index.php\/wp-json\/wp\/v2\/comments?post=1045"}],"wp:featuredmedia":[{"embeddable":true,"href":"https:\/\/www.trust-immobiliere.com\/index.php\/wp-json\/wp\/v2\/media\/1035"}],"wp:attachment":[{"href":"https:\/\/www.trust-immobiliere.com\/index.php\/wp-json\/wp\/v2\/media?parent=1045"}],"curies":[{"name":"wp","href":"https:\/\/api.w.org\/{rel}","templated":true}]}}