{"id":1053,"date":"2020-02-28T09:09:59","date_gmt":"2020-02-28T08:09:59","guid":{"rendered":"https:\/\/www.trust-immobiliere.com\/?post_type=product&#038;p=1053"},"modified":"2020-02-28T09:14:05","modified_gmt":"2020-02-28T08:14:05","slug":"s1-nuitloc","status":"publish","type":"product","link":"https:\/\/www.trust-immobiliere.com\/index.php\/produit\/s1-nuitloc\/","title":{"rendered":"S+1-Laouina"},"content":{"rendered":"<p>N&rsquo;h\u00e9sitez pas \u00e0 nous contacter sur : 24266000 \/ 26 404509 \/ 98 705836 \/ 55336649<\/p>\n","protected":false},"excerpt":{"rendered":"<p>On propose \u00e0 louer \u00e0 Cit\u00e9 les palmeraies Laouina et \u00e0 5 mn de carrefour et \u00e0 10 mn de l\u2019a\u00e9roport Tunis Carthage un appartement S+1 de haut standing situ\u00e9 au cinqui\u00e8me \u00e9tage avec ascenseur dans une nouvelle r\u00e9sidence gard\u00e9e 24\/24 et 7\/7.<br \/>\nL\u2019appartement est spacieux et richement meubl\u00e9. Il se compose d&rsquo;un salon, chambre \u00e0 coucher, salle de bain, cuisine \u00e9quip\u00e9e, s\u00e9choir, climatisation et chauffage centrale.<br \/>\nla superficie est de 70m2.<br \/>\nLe loyer par jour 100 dt pour 1 jour seulement<br \/>\nLe loyer par jour 80dt pour une dur\u00e9e minimale 3 jours<br \/>\nLe loyer par jour 70dt pour une dur\u00e9e minimale 7 jours<br \/>\nle prix 1500 DT\/ mois<\/p>\n","protected":false},"featured_media":1054,"comment_status":"open","ping_status":"closed","template":"","meta":[],"_links":{"self":[{"href":"https:\/\/www.trust-immobiliere.com\/index.php\/wp-json\/wp\/v2\/product\/1053"}],"collection":[{"href":"https:\/\/www.trust-immobiliere.com\/index.php\/wp-json\/wp\/v2\/product"}],"about":[{"href":"https:\/\/www.trust-immobiliere.com\/index.php\/wp-json\/wp\/v2\/types\/product"}],"replies":[{"embeddable":true,"href":"https:\/\/www.trust-immobiliere.com\/index.php\/wp-json\/wp\/v2\/comments?post=1053"}],"wp:featuredmedia":[{"embeddable":true,"href":"https:\/\/www.trust-immobiliere.com\/index.php\/wp-json\/wp\/v2\/media\/1054"}],"wp:attachment":[{"href":"https:\/\/www.trust-immobiliere.com\/index.php\/wp-json\/wp\/v2\/media?parent=1053"}],"curies":[{"name":"wp","href":"https:\/\/api.w.org\/{rel}","templated":true}]}}