{"id":1066,"date":"2020-02-28T09:15:36","date_gmt":"2020-02-28T08:15:36","guid":{"rendered":"https:\/\/www.trust-immobiliere.com\/?post_type=product&#038;p=1066"},"modified":"2020-02-28T09:22:11","modified_gmt":"2020-02-28T08:22:11","slug":"s1-doratven","status":"publish","type":"product","link":"https:\/\/www.trust-immobiliere.com\/index.php\/produit\/s1-doratven\/","title":{"rendered":"S+1-Nabeul"},"content":{"rendered":"<p>N&rsquo;h\u00e9sitez pas \u00e0 nous contacter sur : 24266000 \/ 26 404509 \/ 98 705836 \/ 55336649<\/p>\n","protected":false},"excerpt":{"rendered":"<p>A vendre des appartements de tr\u00e8s haut standing Situ\u00e9s dans un immeuble r\u00e9sidentiel R+6 \u00e0 Nabeul,<br \/>\nLa r\u00e9sidence se situe dans un quartier dot\u00e9 d\u2019un statut r\u00e9sidentiel mais aussi d\u2019un statut de vill\u00e9giature en vue de sa situation par rapport \u00e0 la plage de la ville, elle b\u00e9n\u00e9ficie aussi d\u2019une proximit\u00e9 de toutes les activit\u00e9s et les administrations.<br \/>\nLa surface des S+1 est 65m2<br \/>\nLe prix des S+1 est 155000 DT<br \/>\nLa place de parking est de 12000 DT<br \/>\nLa Remise des cl\u00e9s est pr\u00e9vue fin juin 2020.<\/p>\n","protected":false},"featured_media":1067,"comment_status":"open","ping_status":"closed","template":"","meta":[],"_links":{"self":[{"href":"https:\/\/www.trust-immobiliere.com\/index.php\/wp-json\/wp\/v2\/product\/1066"}],"collection":[{"href":"https:\/\/www.trust-immobiliere.com\/index.php\/wp-json\/wp\/v2\/product"}],"about":[{"href":"https:\/\/www.trust-immobiliere.com\/index.php\/wp-json\/wp\/v2\/types\/product"}],"replies":[{"embeddable":true,"href":"https:\/\/www.trust-immobiliere.com\/index.php\/wp-json\/wp\/v2\/comments?post=1066"}],"wp:featuredmedia":[{"embeddable":true,"href":"https:\/\/www.trust-immobiliere.com\/index.php\/wp-json\/wp\/v2\/media\/1067"}],"wp:attachment":[{"href":"https:\/\/www.trust-immobiliere.com\/index.php\/wp-json\/wp\/v2\/media?parent=1066"}],"curies":[{"name":"wp","href":"https:\/\/api.w.org\/{rel}","templated":true}]}}