{"id":1078,"date":"2020-02-28T09:27:07","date_gmt":"2020-02-28T08:27:07","guid":{"rendered":"https:\/\/www.trust-immobiliere.com\/?post_type=product&#038;p=1078"},"modified":"2020-02-28T09:33:29","modified_gmt":"2020-02-28T08:33:29","slug":"s1-elwaredven","status":"publish","type":"product","link":"https:\/\/www.trust-immobiliere.com\/index.php\/produit\/s1-elwaredven\/","title":{"rendered":"S+1-Yasmine Hammamet"},"content":{"rendered":"<p>N&rsquo;h\u00e9sitez pas \u00e0 nous contacter sur : 24266000 \/ 26 404509 \/ 98 705836 \/ 55336649<\/p>\n","protected":false},"excerpt":{"rendered":"<p>A vendre des appartements S+1 de tr\u00e8s haut standing Situ\u00e9s dans un immeuble r\u00e9sidentiel R+2 \u00e0 Yasmine Hammamet.<br \/>\nLa surface des S+1 varie entre 87m2et 98 m2<br \/>\nLes prix des S+1 varient entre 242.000DT 265.000 DT<br \/>\nle prix de vente de chaque appartement comprend une place de parking au sous-sol.<br \/>\nLa Remise des cl\u00e9s est imm\u00e9diate.<\/p>\n","protected":false},"featured_media":1079,"comment_status":"open","ping_status":"closed","template":"","meta":[],"_links":{"self":[{"href":"https:\/\/www.trust-immobiliere.com\/index.php\/wp-json\/wp\/v2\/product\/1078"}],"collection":[{"href":"https:\/\/www.trust-immobiliere.com\/index.php\/wp-json\/wp\/v2\/product"}],"about":[{"href":"https:\/\/www.trust-immobiliere.com\/index.php\/wp-json\/wp\/v2\/types\/product"}],"replies":[{"embeddable":true,"href":"https:\/\/www.trust-immobiliere.com\/index.php\/wp-json\/wp\/v2\/comments?post=1078"}],"wp:featuredmedia":[{"embeddable":true,"href":"https:\/\/www.trust-immobiliere.com\/index.php\/wp-json\/wp\/v2\/media\/1079"}],"wp:attachment":[{"href":"https:\/\/www.trust-immobiliere.com\/index.php\/wp-json\/wp\/v2\/media?parent=1078"}],"curies":[{"name":"wp","href":"https:\/\/api.w.org\/{rel}","templated":true}]}}