{"id":1532,"date":"2020-03-06T12:23:46","date_gmt":"2020-03-06T11:23:46","guid":{"rendered":"https:\/\/www.trust-immobiliere.com\/?post_type=product&#038;p=1532"},"modified":"2025-06-26T06:50:07","modified_gmt":"2025-06-26T04:50:07","slug":"s1-farouk-vente","status":"publish","type":"product","link":"https:\/\/www.trust-immobiliere.com\/index.php\/produit\/s1-farouk-vente\/","title":{"rendered":"S+1-Ain  Zaghouan"},"content":{"rendered":"<p>N&rsquo;h\u00e9sitez pas \u00e0 nous contacter sur : 24266000 \/ 26404509 \/ 55331723 \/31120443<\/p>\n","protected":false},"excerpt":{"rendered":"<p>L\u2019Agence TRUST IMMOBILIERE propose \u00e0 vendre des appartements dans une R\u00e9sidence R+7 de haut standing Situ\u00e9e \u00e0 AIN ZAGHOUAN.<br \/>\nLes appartements disponibles sont de type S+1\/ S+2\/S+3<br \/>\nLa surface des S+1 est 87 m2 avec spacieuse terrasse de 34 m2<br \/>\nLe prix des S+1 est de 235000 DT<br \/>\nLa place de parking au sous-sol est de 21500 DT<\/p>\n","protected":false},"featured_media":1533,"comment_status":"open","ping_status":"closed","template":"","meta":[],"_links":{"self":[{"href":"https:\/\/www.trust-immobiliere.com\/index.php\/wp-json\/wp\/v2\/product\/1532"}],"collection":[{"href":"https:\/\/www.trust-immobiliere.com\/index.php\/wp-json\/wp\/v2\/product"}],"about":[{"href":"https:\/\/www.trust-immobiliere.com\/index.php\/wp-json\/wp\/v2\/types\/product"}],"replies":[{"embeddable":true,"href":"https:\/\/www.trust-immobiliere.com\/index.php\/wp-json\/wp\/v2\/comments?post=1532"}],"wp:featuredmedia":[{"embeddable":true,"href":"https:\/\/www.trust-immobiliere.com\/index.php\/wp-json\/wp\/v2\/media\/1533"}],"wp:attachment":[{"href":"https:\/\/www.trust-immobiliere.com\/index.php\/wp-json\/wp\/v2\/media?parent=1532"}],"curies":[{"name":"wp","href":"https:\/\/api.w.org\/{rel}","templated":true}]}}