{"id":1557,"date":"2020-03-06T19:39:18","date_gmt":"2020-03-06T18:39:18","guid":{"rendered":"https:\/\/www.trust-immobiliere.com\/?post_type=product&#038;p=1557"},"modified":"2022-08-29T02:10:39","modified_gmt":"2022-08-29T00:10:39","slug":"s2-vente-abrar","status":"publish","type":"product","link":"https:\/\/www.trust-immobiliere.com\/index.php\/produit\/s2-vente-abrar\/","title":{"rendered":"S+2-Jardins du Lac"},"content":{"rendered":"<p>N&rsquo;h\u00e9sitez pas \u00e0 nous contacter sur : 55571144 \/ 55331723 \/ 55336649 \/ 25966680<\/p>\n","protected":false},"excerpt":{"rendered":"<p>On propose \u00e0 vendre des appartements S+2 dans une R\u00e9sidence de haut standing Situ\u00e9e aux jardins du lac.<\/p>\n<p>La surface des S+2 var\u0131e entre 108 m2 et 120 m2<br \/>\nLe prix des S+2 est de 412.000 DT et  457000 DT<br \/>\nLa place de parking au sous-sol est de 20000 DT.<br \/>\nLa Remise des cl\u00e9s est imm\u00e9diate.<\/p>\n","protected":false},"featured_media":1559,"comment_status":"open","ping_status":"closed","template":"","meta":[],"_links":{"self":[{"href":"https:\/\/www.trust-immobiliere.com\/index.php\/wp-json\/wp\/v2\/product\/1557"}],"collection":[{"href":"https:\/\/www.trust-immobiliere.com\/index.php\/wp-json\/wp\/v2\/product"}],"about":[{"href":"https:\/\/www.trust-immobiliere.com\/index.php\/wp-json\/wp\/v2\/types\/product"}],"replies":[{"embeddable":true,"href":"https:\/\/www.trust-immobiliere.com\/index.php\/wp-json\/wp\/v2\/comments?post=1557"}],"wp:featuredmedia":[{"embeddable":true,"href":"https:\/\/www.trust-immobiliere.com\/index.php\/wp-json\/wp\/v2\/media\/1559"}],"wp:attachment":[{"href":"https:\/\/www.trust-immobiliere.com\/index.php\/wp-json\/wp\/v2\/media?parent=1557"}],"curies":[{"name":"wp","href":"https:\/\/api.w.org\/{rel}","templated":true}]}}