{"id":1595,"date":"2020-03-06T21:09:37","date_gmt":"2020-03-06T20:09:37","guid":{"rendered":"https:\/\/www.trust-immobiliere.com\/?post_type=product&#038;p=1595"},"modified":"2025-05-20T00:31:38","modified_gmt":"2025-05-19T22:31:38","slug":"duplex-vente-la-residence","status":"publish","type":"product","link":"https:\/\/www.trust-immobiliere.com\/index.php\/produit\/duplex-vente-la-residence\/","title":{"rendered":"Duplex-Jardins de Carthage"},"content":{"rendered":"","protected":false},"excerpt":{"rendered":"<p>L\u2019Agence TRUST IMMOBILIERE propose \u00e0 vendre des duplex de tr\u00e8s  haut standing dans une R\u00e9sidence Situ\u00e9e aux jardins de Carthage.<br \/>\nLa surface des duplex est 350m2+ terrasse 12 m2<br \/>\nLe prix des DUPLEX est 1,200.000 DT<br \/>\nLa place de parking au sous-sol est de 20000 DT<\/p>\n<p>La Remise des cl\u00e9s est imm\u00e9diate.<\/p>\n","protected":false},"featured_media":1598,"comment_status":"open","ping_status":"closed","template":"","meta":[],"_links":{"self":[{"href":"https:\/\/www.trust-immobiliere.com\/index.php\/wp-json\/wp\/v2\/product\/1595"}],"collection":[{"href":"https:\/\/www.trust-immobiliere.com\/index.php\/wp-json\/wp\/v2\/product"}],"about":[{"href":"https:\/\/www.trust-immobiliere.com\/index.php\/wp-json\/wp\/v2\/types\/product"}],"replies":[{"embeddable":true,"href":"https:\/\/www.trust-immobiliere.com\/index.php\/wp-json\/wp\/v2\/comments?post=1595"}],"wp:featuredmedia":[{"embeddable":true,"href":"https:\/\/www.trust-immobiliere.com\/index.php\/wp-json\/wp\/v2\/media\/1598"}],"wp:attachment":[{"href":"https:\/\/www.trust-immobiliere.com\/index.php\/wp-json\/wp\/v2\/media?parent=1595"}],"curies":[{"name":"wp","href":"https:\/\/api.w.org\/{rel}","templated":true}]}}