{"id":1603,"date":"2020-03-06T21:19:44","date_gmt":"2020-03-06T20:19:44","guid":{"rendered":"https:\/\/www.trust-immobiliere.com\/?post_type=product&#038;p=1603"},"modified":"2026-04-05T11:30:28","modified_gmt":"2026-04-05T09:30:28","slug":"s3-jardins-de-carthage-vente-la-residence","status":"publish","type":"product","link":"https:\/\/www.trust-immobiliere.com\/index.php\/produit\/s3-jardins-de-carthage-vente-la-residence\/","title":{"rendered":"S+3-Jardins de Carthage"},"content":{"rendered":"","protected":false},"excerpt":{"rendered":"<p>L\u2019Agence TRUST IMMOBILIERE propose \u00e0 vendre des appartements S+3  dans une R\u00e9sidence de haut standing Situ\u00e9e aux jardins de Carthage.<\/p>\n<p>La surface des S+3 est de 227 m2<br \/>\nLe prix des S+3 est de 724.000 DT<br \/>\nLa place de parking au sous-sol est de 20000 DT<\/p>\n<p>La Remise des cl\u00e9s est imm\u00e9diate.<\/p>\n","protected":false},"featured_media":1597,"comment_status":"open","ping_status":"closed","template":"","meta":[],"_links":{"self":[{"href":"https:\/\/www.trust-immobiliere.com\/index.php\/wp-json\/wp\/v2\/product\/1603"}],"collection":[{"href":"https:\/\/www.trust-immobiliere.com\/index.php\/wp-json\/wp\/v2\/product"}],"about":[{"href":"https:\/\/www.trust-immobiliere.com\/index.php\/wp-json\/wp\/v2\/types\/product"}],"replies":[{"embeddable":true,"href":"https:\/\/www.trust-immobiliere.com\/index.php\/wp-json\/wp\/v2\/comments?post=1603"}],"wp:featuredmedia":[{"embeddable":true,"href":"https:\/\/www.trust-immobiliere.com\/index.php\/wp-json\/wp\/v2\/media\/1597"}],"wp:attachment":[{"href":"https:\/\/www.trust-immobiliere.com\/index.php\/wp-json\/wp\/v2\/media?parent=1603"}],"curies":[{"name":"wp","href":"https:\/\/api.w.org\/{rel}","templated":true}]}}