{"id":1615,"date":"2020-03-06T21:38:55","date_gmt":"2020-03-06T20:38:55","guid":{"rendered":"https:\/\/www.trust-immobiliere.com\/?post_type=product&#038;p=1615"},"modified":"2025-06-23T06:26:38","modified_gmt":"2025-06-23T04:26:38","slug":"s2-cite-les-parleraies-laouina-vente-mallorca","status":"publish","type":"product","link":"https:\/\/www.trust-immobiliere.com\/index.php\/produit\/s2-cite-les-parleraies-laouina-vente-mallorca\/","title":{"rendered":"S+2-Cite les parleraies-Laouina"},"content":{"rendered":"","protected":false},"excerpt":{"rendered":"<p>L\u2019Agence TRUST IMMOBILIERE propose a vendre des  appartements neufs de haut stand\u0131ng dans une R\u00e9sidence distingu\u00e9e R+5 Situ\u00e9e \u00e0 Ain Zaghouan \u00e0 cot\u00e9 de Monoprix Ezzayatine et Magasin G\u00e9n\u00e9ral (Proxi).<\/p>\n<p>La surface des S+2 var\u0131e entre 114 m2 et 121 m2<br \/>\nLe prix des S+2 varie entre  282000 DT et 290000 DT<br \/>\nLe pr\u0131x de la place de parking au sous-sol est 18000 DT<\/p>\n<p>La Remise des cl\u00e9s est pr\u00e9vue pour SEPTEMBRE 2020.<\/p>\n","protected":false},"featured_media":1605,"comment_status":"open","ping_status":"closed","template":"","meta":[],"_links":{"self":[{"href":"https:\/\/www.trust-immobiliere.com\/index.php\/wp-json\/wp\/v2\/product\/1615"}],"collection":[{"href":"https:\/\/www.trust-immobiliere.com\/index.php\/wp-json\/wp\/v2\/product"}],"about":[{"href":"https:\/\/www.trust-immobiliere.com\/index.php\/wp-json\/wp\/v2\/types\/product"}],"replies":[{"embeddable":true,"href":"https:\/\/www.trust-immobiliere.com\/index.php\/wp-json\/wp\/v2\/comments?post=1615"}],"wp:featuredmedia":[{"embeddable":true,"href":"https:\/\/www.trust-immobiliere.com\/index.php\/wp-json\/wp\/v2\/media\/1605"}],"wp:attachment":[{"href":"https:\/\/www.trust-immobiliere.com\/index.php\/wp-json\/wp\/v2\/media?parent=1615"}],"curies":[{"name":"wp","href":"https:\/\/api.w.org\/{rel}","templated":true}]}}