{"id":1632,"date":"2020-03-07T06:55:05","date_gmt":"2020-03-07T05:55:05","guid":{"rendered":"https:\/\/www.trust-immobiliere.com\/?post_type=product&#038;p=1632"},"modified":"2025-09-27T15:49:25","modified_gmt":"2025-09-27T13:49:25","slug":"s1-yasmine-hammamet-vente-elward","status":"publish","type":"product","link":"https:\/\/www.trust-immobiliere.com\/index.php\/produit\/s1-yasmine-hammamet-vente-elward\/","title":{"rendered":"S+1-Yasmine Hammamet"},"content":{"rendered":"","protected":false},"excerpt":{"rendered":"<p>A vendre des appartements S+1 de tr\u00e8s haut standing Situ\u00e9s dans un immeuble r\u00e9sidentiel R+2 \u00e0 Yasmine Hammamet.<\/p>\n<p>La surface des S+1 varie entre 87 m2 et 98 m2<br \/>\nLes prix des S+1 varient entre 246.000 DT  270.000 DT <\/p>\n<p>le prix de vente de chaque appartement comprend une place de park\u0131ng au sous-sol.<br \/>\nLa Remise des cl\u00e9s est imm\u00e9diate.<\/p>\n","protected":false},"featured_media":1633,"comment_status":"open","ping_status":"closed","template":"","meta":[],"_links":{"self":[{"href":"https:\/\/www.trust-immobiliere.com\/index.php\/wp-json\/wp\/v2\/product\/1632"}],"collection":[{"href":"https:\/\/www.trust-immobiliere.com\/index.php\/wp-json\/wp\/v2\/product"}],"about":[{"href":"https:\/\/www.trust-immobiliere.com\/index.php\/wp-json\/wp\/v2\/types\/product"}],"replies":[{"embeddable":true,"href":"https:\/\/www.trust-immobiliere.com\/index.php\/wp-json\/wp\/v2\/comments?post=1632"}],"wp:featuredmedia":[{"embeddable":true,"href":"https:\/\/www.trust-immobiliere.com\/index.php\/wp-json\/wp\/v2\/media\/1633"}],"wp:attachment":[{"href":"https:\/\/www.trust-immobiliere.com\/index.php\/wp-json\/wp\/v2\/media?parent=1632"}],"curies":[{"name":"wp","href":"https:\/\/api.w.org\/{rel}","templated":true}]}}