{"id":1636,"date":"2020-03-07T07:04:06","date_gmt":"2020-03-07T06:04:06","guid":{"rendered":"https:\/\/www.trust-immobiliere.com\/?post_type=product&#038;p=1636"},"modified":"2020-03-07T07:04:14","modified_gmt":"2020-03-07T06:04:14","slug":"s3-yasmine-hammamet-vente-dalia","status":"publish","type":"product","link":"https:\/\/www.trust-immobiliere.com\/index.php\/produit\/s3-yasmine-hammamet-vente-dalia\/","title":{"rendered":"S+3- Yasmine Hammamet"},"content":{"rendered":"","protected":false},"excerpt":{"rendered":"<p>A vendre des appartements S+3 de tr\u00e8s haut standing Situ\u00e9s dans un immeuble r\u00e9sidentiel R+2 \u00e0 YASMINE HAMMAMET.<br \/>\nLa surface des S+3 est 176.36 m2<br \/>\nLe prix des S+3 est 520.000 DT<br \/>\nLe prix de vente de chaque appartement comprend une place de park\u0131ng au sous-sol.<br \/>\nLa Remise des cl\u00e9s est imm\u00e9diate.<\/p>\n","protected":false},"featured_media":1635,"comment_status":"open","ping_status":"closed","template":"","meta":[],"_links":{"self":[{"href":"https:\/\/www.trust-immobiliere.com\/index.php\/wp-json\/wp\/v2\/product\/1636"}],"collection":[{"href":"https:\/\/www.trust-immobiliere.com\/index.php\/wp-json\/wp\/v2\/product"}],"about":[{"href":"https:\/\/www.trust-immobiliere.com\/index.php\/wp-json\/wp\/v2\/types\/product"}],"replies":[{"embeddable":true,"href":"https:\/\/www.trust-immobiliere.com\/index.php\/wp-json\/wp\/v2\/comments?post=1636"}],"wp:featuredmedia":[{"embeddable":true,"href":"https:\/\/www.trust-immobiliere.com\/index.php\/wp-json\/wp\/v2\/media\/1635"}],"wp:attachment":[{"href":"https:\/\/www.trust-immobiliere.com\/index.php\/wp-json\/wp\/v2\/media?parent=1636"}],"curies":[{"name":"wp","href":"https:\/\/api.w.org\/{rel}","templated":true}]}}