{"id":1638,"date":"2020-03-07T07:06:09","date_gmt":"2020-03-07T06:06:09","guid":{"rendered":"https:\/\/www.trust-immobiliere.com\/?post_type=product&#038;p=1638"},"modified":"2025-08-01T12:33:58","modified_gmt":"2025-08-01T10:33:58","slug":"duplex-yasmine-hammamet-vente-daia","status":"publish","type":"product","link":"https:\/\/www.trust-immobiliere.com\/index.php\/produit\/duplex-yasmine-hammamet-vente-daia\/","title":{"rendered":"Duplex-Yasmine Hammamet"},"content":{"rendered":"","protected":false},"excerpt":{"rendered":"<p>A vendre des appartements S+2\/S+3 de tr\u00e8s haut standing Situ\u00e9s dans un immeuble r\u00e9sidentiel R+2 \u00e0 YASMINE HAMMAMET.<br \/>\nLa surface des duplex varie entre 214 m2 et 215 m2<br \/>\nLe prix des duplex varie entre 675.000 DT et 680.000 DT<\/p>\n<p>Le prix de vente de chaque appartement comprend une place de park\u0131ng au sous-sol.<br \/>\nLa Remise des cl\u00e9s est imm\u00e9diate.<\/p>\n","protected":false},"featured_media":1635,"comment_status":"open","ping_status":"closed","template":"","meta":[],"_links":{"self":[{"href":"https:\/\/www.trust-immobiliere.com\/index.php\/wp-json\/wp\/v2\/product\/1638"}],"collection":[{"href":"https:\/\/www.trust-immobiliere.com\/index.php\/wp-json\/wp\/v2\/product"}],"about":[{"href":"https:\/\/www.trust-immobiliere.com\/index.php\/wp-json\/wp\/v2\/types\/product"}],"replies":[{"embeddable":true,"href":"https:\/\/www.trust-immobiliere.com\/index.php\/wp-json\/wp\/v2\/comments?post=1638"}],"wp:featuredmedia":[{"embeddable":true,"href":"https:\/\/www.trust-immobiliere.com\/index.php\/wp-json\/wp\/v2\/media\/1635"}],"wp:attachment":[{"href":"https:\/\/www.trust-immobiliere.com\/index.php\/wp-json\/wp\/v2\/media?parent=1638"}],"curies":[{"name":"wp","href":"https:\/\/api.w.org\/{rel}","templated":true}]}}