{"id":1640,"date":"2020-03-07T07:13:08","date_gmt":"2020-03-07T06:13:08","guid":{"rendered":"https:\/\/www.trust-immobiliere.com\/?post_type=product&#038;p=1640"},"modified":"2020-03-07T07:13:28","modified_gmt":"2020-03-07T06:13:28","slug":"s2-mrezga-hammamet-vente-ibiza","status":"publish","type":"product","link":"https:\/\/www.trust-immobiliere.com\/index.php\/produit\/s2-mrezga-hammamet-vente-ibiza\/","title":{"rendered":"S+2- Mrezga &#8211; Hammamet"},"content":{"rendered":"","protected":false},"excerpt":{"rendered":"<p>A vendre des appartements S+2 de tr\u00e8s haut standing Situ\u00e9s dans un immeuble r\u00e9sidentiel R+5 \u00e0 Mrezga &#8211; Hammamet.<\/p>\n<p>La surface des S+2 varie entre 102 m2 et 106 m2<br \/>\nLes prix des S+1 varient entre 246.000 DT  255.000 DT <\/p>\n<p>le prix de la place de park\u0131ng au sous-sol est 15000 DT<br \/>\nLa Remise des cl\u00e9s est imm\u00e9diate.<\/p>\n","protected":false},"featured_media":1641,"comment_status":"open","ping_status":"closed","template":"","meta":[],"_links":{"self":[{"href":"https:\/\/www.trust-immobiliere.com\/index.php\/wp-json\/wp\/v2\/product\/1640"}],"collection":[{"href":"https:\/\/www.trust-immobiliere.com\/index.php\/wp-json\/wp\/v2\/product"}],"about":[{"href":"https:\/\/www.trust-immobiliere.com\/index.php\/wp-json\/wp\/v2\/types\/product"}],"replies":[{"embeddable":true,"href":"https:\/\/www.trust-immobiliere.com\/index.php\/wp-json\/wp\/v2\/comments?post=1640"}],"wp:featuredmedia":[{"embeddable":true,"href":"https:\/\/www.trust-immobiliere.com\/index.php\/wp-json\/wp\/v2\/media\/1641"}],"wp:attachment":[{"href":"https:\/\/www.trust-immobiliere.com\/index.php\/wp-json\/wp\/v2\/media?parent=1640"}],"curies":[{"name":"wp","href":"https:\/\/api.w.org\/{rel}","templated":true}]}}