{"id":1656,"date":"2020-03-07T20:38:27","date_gmt":"2020-03-07T19:38:27","guid":{"rendered":"https:\/\/www.trust-immobiliere.com\/?post_type=product&#038;p=1656"},"modified":"2022-08-29T02:08:51","modified_gmt":"2022-08-29T00:08:51","slug":"appartements-s2-s3-ennasr-2-les-cerisiers","status":"publish","type":"product","link":"https:\/\/www.trust-immobiliere.com\/index.php\/produit\/appartements-s2-s3-ennasr-2-les-cerisiers\/","title":{"rendered":"Appartements S+2-S+3 -Ennasr 2"},"content":{"rendered":"","protected":false},"excerpt":{"rendered":"<p>L\u2019Agence TRUST IMMOBILIERE Vous propose la vente des appartements de haut standing dans une R\u00e9sidence R+4 Situ\u00e9e \u00e0 ENNASR 2,<br \/>\nles appartements sont de type S+2\/S+3<br \/>\nLa surface des S+2 est 138 m2 (126 Batis + 12 Ter)<br \/>\nLe prix des S+2 est 360.000 DT<br \/>\nLa surface des S+3 est 206 m2<br \/>\nLe prix des S+3 est 537.000 DT<\/p>\n<p>Le pr\u0131x de la place de parking au sous-sol est 15000 DT<br \/>\nLa Remise des cl\u00e9s est imm\u00e9diate.<\/p>\n","protected":false},"featured_media":1657,"comment_status":"open","ping_status":"closed","template":"","meta":[],"_links":{"self":[{"href":"https:\/\/www.trust-immobiliere.com\/index.php\/wp-json\/wp\/v2\/product\/1656"}],"collection":[{"href":"https:\/\/www.trust-immobiliere.com\/index.php\/wp-json\/wp\/v2\/product"}],"about":[{"href":"https:\/\/www.trust-immobiliere.com\/index.php\/wp-json\/wp\/v2\/types\/product"}],"replies":[{"embeddable":true,"href":"https:\/\/www.trust-immobiliere.com\/index.php\/wp-json\/wp\/v2\/comments?post=1656"}],"wp:featuredmedia":[{"embeddable":true,"href":"https:\/\/www.trust-immobiliere.com\/index.php\/wp-json\/wp\/v2\/media\/1657"}],"wp:attachment":[{"href":"https:\/\/www.trust-immobiliere.com\/index.php\/wp-json\/wp\/v2\/media?parent=1656"}],"curies":[{"name":"wp","href":"https:\/\/api.w.org\/{rel}","templated":true}]}}