{"id":1678,"date":"2020-03-07T21:52:26","date_gmt":"2020-03-07T20:52:26","guid":{"rendered":"https:\/\/www.trust-immobiliere.com\/?post_type=product&#038;p=1678"},"modified":"2020-08-11T21:50:47","modified_gmt":"2020-08-11T19:50:47","slug":"apparts-neufs-s1-s2-s3-a-la-manouba-vente-eskander","status":"publish","type":"product","link":"https:\/\/www.trust-immobiliere.com\/index.php\/produit\/apparts-neufs-s1-s2-s3-a-la-manouba-vente-eskander\/","title":{"rendered":"Apparts Neufs S+1-S+2-S+3 a la Manouba"},"content":{"rendered":"","protected":false},"excerpt":{"rendered":"<p>L\u2019Agence TRUST IMMOBILIERE Vous propose la vente des appartements de haut standing dans une R\u00e9sidence R+6 Situ\u00e9e \u00e0 la Mannouba,<br \/>\nles appartements sont de type S+1\/S+2\/S+3<br \/>\nLa surface des S+1 est 70 m2<br \/>\nLe prix des S+1 est 130000 DT<br \/>\nLa surface des S+2 est 110 m2<br \/>\nLe prix des S+2 est 210000 DT<br \/>\nLa surface des S+3 est 138 m2<br \/>\nLe prix des S+3 est 245000DT<\/p>\n<p>Le pr\u0131x de la place de parking au sous-sol est 18000 DT<\/p>\n<p>La Remise des cl\u00e9s est imm\u00e9diate.<\/p>\n","protected":false},"featured_media":1680,"comment_status":"open","ping_status":"closed","template":"","meta":[],"_links":{"self":[{"href":"https:\/\/www.trust-immobiliere.com\/index.php\/wp-json\/wp\/v2\/product\/1678"}],"collection":[{"href":"https:\/\/www.trust-immobiliere.com\/index.php\/wp-json\/wp\/v2\/product"}],"about":[{"href":"https:\/\/www.trust-immobiliere.com\/index.php\/wp-json\/wp\/v2\/types\/product"}],"replies":[{"embeddable":true,"href":"https:\/\/www.trust-immobiliere.com\/index.php\/wp-json\/wp\/v2\/comments?post=1678"}],"wp:featuredmedia":[{"embeddable":true,"href":"https:\/\/www.trust-immobiliere.com\/index.php\/wp-json\/wp\/v2\/media\/1680"}],"wp:attachment":[{"href":"https:\/\/www.trust-immobiliere.com\/index.php\/wp-json\/wp\/v2\/media?parent=1678"}],"curies":[{"name":"wp","href":"https:\/\/api.w.org\/{rel}","templated":true}]}}