{"id":1681,"date":"2020-03-07T22:19:23","date_gmt":"2020-03-07T21:19:23","guid":{"rendered":"https:\/\/www.trust-immobiliere.com\/?post_type=product&#038;p=1681"},"modified":"2022-07-07T08:37:16","modified_gmt":"2022-07-07T06:37:16","slug":"s1-s2-s3-neufs-a-la-manouba","status":"publish","type":"product","link":"https:\/\/www.trust-immobiliere.com\/index.php\/produit\/s1-s2-s3-neufs-a-la-manouba\/","title":{"rendered":"S+1-S+2-S+3 neufs a la Manouba"},"content":{"rendered":"","protected":false},"excerpt":{"rendered":"<p>L\u2019Agence TRUST IMMOBILIERE Vous propose la vente des appartements de haut standing dans une R\u00e9sidence R+6 Situ\u00e9e \u00e0 la Manouba.<\/p>\n<p>Les appartements sont de type S+1\/S+2\/S+3<br \/>\nLa surface des S+1 est 62 m2<br \/>\nLe prix des S+1 est 115000 DT<br \/>\nLa surface des S+2 varie entre 105 m2 et 122 m2<br \/>\nLe prix des S+2 commerce \u00e0 partir de 215000 DT<br \/>\nLa surface des S+3 varie entre 135 m2 et 157 m2<br \/>\nLe prix des S+3 commerce \u00e0 partir de 250000 DT<\/p>\n<p>Le pr\u0131x de la place de parking au sous-sol est 15000 DT<\/p>\n<p>La Remise des cl\u00e9s est imm\u00e9diate.<\/p>\n","protected":false},"featured_media":1683,"comment_status":"open","ping_status":"closed","template":"","meta":[],"_links":{"self":[{"href":"https:\/\/www.trust-immobiliere.com\/index.php\/wp-json\/wp\/v2\/product\/1681"}],"collection":[{"href":"https:\/\/www.trust-immobiliere.com\/index.php\/wp-json\/wp\/v2\/product"}],"about":[{"href":"https:\/\/www.trust-immobiliere.com\/index.php\/wp-json\/wp\/v2\/types\/product"}],"replies":[{"embeddable":true,"href":"https:\/\/www.trust-immobiliere.com\/index.php\/wp-json\/wp\/v2\/comments?post=1681"}],"wp:featuredmedia":[{"embeddable":true,"href":"https:\/\/www.trust-immobiliere.com\/index.php\/wp-json\/wp\/v2\/media\/1683"}],"wp:attachment":[{"href":"https:\/\/www.trust-immobiliere.com\/index.php\/wp-json\/wp\/v2\/media?parent=1681"}],"curies":[{"name":"wp","href":"https:\/\/api.w.org\/{rel}","templated":true}]}}