{"id":1727,"date":"2020-03-08T08:42:27","date_gmt":"2020-03-08T07:42:27","guid":{"rendered":"https:\/\/www.trust-immobiliere.com\/?post_type=product&#038;p=1727"},"modified":"2023-03-12T00:58:50","modified_gmt":"2023-03-11T23:58:50","slug":"apparts-s2-s3-a-boumhal-neuf-arion","status":"publish","type":"product","link":"https:\/\/www.trust-immobiliere.com\/index.php\/produit\/apparts-s2-s3-a-boumhal-neuf-arion\/","title":{"rendered":"Apparts S+2-S+3 a Boumhal"},"content":{"rendered":"","protected":false},"excerpt":{"rendered":"<p>L\u2019Agence TRUST IMMOBILIERE Vous propose la vente des appartements de de haut standing dans une R\u00e9sidence R+4 Situ\u00e9e \u00e0 BOUMHAL.<\/p>\n<p>les appartements sont de type S+2\/S+3<br \/>\nLa surface des S+2 est 107 m2<br \/>\nLe prix des S+2 est 185.000 DT<br \/>\nLa surface des S+3 varie entre 118 m2 et 138 m2<br \/>\nLe prix des S+3 varie 203500 DT et 238000 DT<br \/>\nLa place de parking est de 12500 DT<br \/>\nLa Remise des cl\u00e9s est imm\u00e9diate.<\/p>\n","protected":false},"featured_media":1728,"comment_status":"open","ping_status":"closed","template":"","meta":[],"_links":{"self":[{"href":"https:\/\/www.trust-immobiliere.com\/index.php\/wp-json\/wp\/v2\/product\/1727"}],"collection":[{"href":"https:\/\/www.trust-immobiliere.com\/index.php\/wp-json\/wp\/v2\/product"}],"about":[{"href":"https:\/\/www.trust-immobiliere.com\/index.php\/wp-json\/wp\/v2\/types\/product"}],"replies":[{"embeddable":true,"href":"https:\/\/www.trust-immobiliere.com\/index.php\/wp-json\/wp\/v2\/comments?post=1727"}],"wp:featuredmedia":[{"embeddable":true,"href":"https:\/\/www.trust-immobiliere.com\/index.php\/wp-json\/wp\/v2\/media\/1728"}],"wp:attachment":[{"href":"https:\/\/www.trust-immobiliere.com\/index.php\/wp-json\/wp\/v2\/media?parent=1727"}],"curies":[{"name":"wp","href":"https:\/\/api.w.org\/{rel}","templated":true}]}}