{"id":1737,"date":"2020-03-08T09:49:28","date_gmt":"2020-03-08T08:49:28","guid":{"rendered":"https:\/\/www.trust-immobiliere.com\/?post_type=product&#038;p=1737"},"modified":"2023-09-13T17:39:29","modified_gmt":"2023-09-13T15:39:29","slug":"appartements-neufs-a-la-manouba-essalem","status":"publish","type":"product","link":"https:\/\/www.trust-immobiliere.com\/index.php\/produit\/appartements-neufs-a-la-manouba-essalem\/","title":{"rendered":"Appartements Neufs a la Manouba"},"content":{"rendered":"","protected":false},"excerpt":{"rendered":"<p>L\u2019Agence TRUST IMMOBILIERE Vous propose la vente des appartements de haut standing dans une R\u00e9sidence R+6 Situ\u00e9e \u00e0 la Manouba.<\/p>\n<p>Les appartements sont de type S+1\/S+2\/S+3 et S+4<br \/>\nLa surface des S+1 varie entre 72 m2 et 83 m2<br \/>\nLe prix des S+1 varie entre 137000 DT et 160000 DT<br \/>\nLa surface des S+2 varie entre 114 m2 et 127 m2<br \/>\nLe prix des S+2 varie entre 217000 DT et 242000 DT<br \/>\nLa surface des S+3 varie entre 118 m2 et 178 m2<br \/>\nLe prix des S+3 varie entre 225000 DT et 340000 DT<br \/>\nLa surface des S+4 est 205 m2<br \/>\nLe prix des S+4 est 390000 DT<\/p>\n<p>Le pr\u0131x de la place de parking au sous-sol est 12000 DT<\/p>\n<p>La Remise des cl\u00e9s est imm\u00e9diate.<\/p>\n","protected":false},"featured_media":1738,"comment_status":"open","ping_status":"closed","template":"","meta":[],"_links":{"self":[{"href":"https:\/\/www.trust-immobiliere.com\/index.php\/wp-json\/wp\/v2\/product\/1737"}],"collection":[{"href":"https:\/\/www.trust-immobiliere.com\/index.php\/wp-json\/wp\/v2\/product"}],"about":[{"href":"https:\/\/www.trust-immobiliere.com\/index.php\/wp-json\/wp\/v2\/types\/product"}],"replies":[{"embeddable":true,"href":"https:\/\/www.trust-immobiliere.com\/index.php\/wp-json\/wp\/v2\/comments?post=1737"}],"wp:featuredmedia":[{"embeddable":true,"href":"https:\/\/www.trust-immobiliere.com\/index.php\/wp-json\/wp\/v2\/media\/1738"}],"wp:attachment":[{"href":"https:\/\/www.trust-immobiliere.com\/index.php\/wp-json\/wp\/v2\/media?parent=1737"}],"curies":[{"name":"wp","href":"https:\/\/api.w.org\/{rel}","templated":true}]}}