{"id":1746,"date":"2020-03-08T10:32:25","date_gmt":"2020-03-08T09:32:25","guid":{"rendered":"https:\/\/www.trust-immobiliere.com\/?post_type=product&#038;p=1746"},"modified":"2020-03-08T10:32:25","modified_gmt":"2020-03-08T09:32:25","slug":"s2-ennasr-2","status":"publish","type":"product","link":"https:\/\/www.trust-immobiliere.com\/index.php\/produit\/s2-ennasr-2\/","title":{"rendered":"S+2-Ennasr 2"},"content":{"rendered":"","protected":false},"excerpt":{"rendered":"<p>L\u2019Agence TRUST IMMOBILIERE Vous propose la vente des appartements de haut standing dans une R\u00e9sidence R+4 Situ\u00e9e \u00e0 ENNASR 2,<br \/>\nles appartements sont de type S+2\/S+3<br \/>\nLa surface des S+2 est 131m2<br \/>\nLe prix des S+2 est 370.000 DT<br \/>\nLa surface des S+3 au RDC est 155 m\u00b2 Int + 155 m\u00b2 Jardin (au  RDC<br \/>\nLe prix des S+3 est 670.000 DT<br \/>\nLa surface des S+3 au RDC est 188 m\u00b2 Int + 188 m\u00b2 Jardin (au RDC<br \/>\nLe prix des S+3 est 760.000 DT<\/p>\n<p>Le pr\u0131x de la place de parking au sous-sol est 20000 DT<br \/>\nLa Remise des cl\u00e9s est imm\u00e9diate.<\/p>\n","protected":false},"featured_media":1747,"comment_status":"open","ping_status":"closed","template":"","meta":[],"_links":{"self":[{"href":"https:\/\/www.trust-immobiliere.com\/index.php\/wp-json\/wp\/v2\/product\/1746"}],"collection":[{"href":"https:\/\/www.trust-immobiliere.com\/index.php\/wp-json\/wp\/v2\/product"}],"about":[{"href":"https:\/\/www.trust-immobiliere.com\/index.php\/wp-json\/wp\/v2\/types\/product"}],"replies":[{"embeddable":true,"href":"https:\/\/www.trust-immobiliere.com\/index.php\/wp-json\/wp\/v2\/comments?post=1746"}],"wp:featuredmedia":[{"embeddable":true,"href":"https:\/\/www.trust-immobiliere.com\/index.php\/wp-json\/wp\/v2\/media\/1747"}],"wp:attachment":[{"href":"https:\/\/www.trust-immobiliere.com\/index.php\/wp-json\/wp\/v2\/media?parent=1746"}],"curies":[{"name":"wp","href":"https:\/\/api.w.org\/{rel}","templated":true}]}}