{"id":1762,"date":"2020-03-08T13:59:48","date_gmt":"2020-03-08T12:59:48","guid":{"rendered":"https:\/\/www.trust-immobiliere.com\/?post_type=product&#038;p=1762"},"modified":"2025-10-03T17:10:35","modified_gmt":"2025-10-03T15:10:35","slug":"bureaux-s2-jardins-du-lac-vente-vital-cube","status":"publish","type":"product","link":"https:\/\/www.trust-immobiliere.com\/index.php\/produit\/bureaux-s2-jardins-du-lac-vente-vital-cube\/","title":{"rendered":"Bureaux S+2-Jardins du Lac"},"content":{"rendered":"","protected":false},"excerpt":{"rendered":"<p>L\u2019Agence TRUST IMMOBILIERE propose \u00e0 vendre des Bureaux dans une R\u00e9sidence de haut standing Situ\u00e9e aux Jardins du lac.<br \/>\nLa surface des bureaux  var\u0131e entre 76 m2 et 120 m2<br \/>\nLe pr\u0131x unitaire est 4500 DT HT\/M2<br \/>\nLe prix des bureaux varie entre 410.000 DT et 646.000 DT<\/p>\n","protected":false},"featured_media":1761,"comment_status":"open","ping_status":"closed","template":"","meta":[],"_links":{"self":[{"href":"https:\/\/www.trust-immobiliere.com\/index.php\/wp-json\/wp\/v2\/product\/1762"}],"collection":[{"href":"https:\/\/www.trust-immobiliere.com\/index.php\/wp-json\/wp\/v2\/product"}],"about":[{"href":"https:\/\/www.trust-immobiliere.com\/index.php\/wp-json\/wp\/v2\/types\/product"}],"replies":[{"embeddable":true,"href":"https:\/\/www.trust-immobiliere.com\/index.php\/wp-json\/wp\/v2\/comments?post=1762"}],"wp:featuredmedia":[{"embeddable":true,"href":"https:\/\/www.trust-immobiliere.com\/index.php\/wp-json\/wp\/v2\/media\/1761"}],"wp:attachment":[{"href":"https:\/\/www.trust-immobiliere.com\/index.php\/wp-json\/wp\/v2\/media?parent=1762"}],"curies":[{"name":"wp","href":"https:\/\/api.w.org\/{rel}","templated":true}]}}