{"id":1763,"date":"2020-03-08T14:01:47","date_gmt":"2020-03-08T13:01:47","guid":{"rendered":"https:\/\/www.trust-immobiliere.com\/?post_type=product&#038;p=1763"},"modified":"2020-04-14T20:05:13","modified_gmt":"2020-04-14T18:05:13","slug":"locaux-de-commerce-jardins-du-lac-vente-vital-cube","status":"publish","type":"product","link":"https:\/\/www.trust-immobiliere.com\/index.php\/produit\/locaux-de-commerce-jardins-du-lac-vente-vital-cube\/","title":{"rendered":"Locaux de Commerce-Jardins du Lac"},"content":{"rendered":"","protected":false},"excerpt":{"rendered":"<p>L\u2019Agence TRUST IMMOBILIERE propose \u00e0 vendre des Locaux de commerce dans une R\u00e9sidence de haut standing Situ\u00e9e aux Jardins du lac.<\/p>\n<p>La surface des locaux  est de 400 m2<br \/>\nLe pr\u0131x unitaire est 4500 DT HT\/M2<br \/>\nLe prix des locaux 1 est de 2,145.000 DT <\/p>\n","protected":false},"featured_media":1761,"comment_status":"open","ping_status":"closed","template":"","meta":[],"_links":{"self":[{"href":"https:\/\/www.trust-immobiliere.com\/index.php\/wp-json\/wp\/v2\/product\/1763"}],"collection":[{"href":"https:\/\/www.trust-immobiliere.com\/index.php\/wp-json\/wp\/v2\/product"}],"about":[{"href":"https:\/\/www.trust-immobiliere.com\/index.php\/wp-json\/wp\/v2\/types\/product"}],"replies":[{"embeddable":true,"href":"https:\/\/www.trust-immobiliere.com\/index.php\/wp-json\/wp\/v2\/comments?post=1763"}],"wp:featuredmedia":[{"embeddable":true,"href":"https:\/\/www.trust-immobiliere.com\/index.php\/wp-json\/wp\/v2\/media\/1761"}],"wp:attachment":[{"href":"https:\/\/www.trust-immobiliere.com\/index.php\/wp-json\/wp\/v2\/media?parent=1763"}],"curies":[{"name":"wp","href":"https:\/\/api.w.org\/{rel}","templated":true}]}}