{"id":1765,"date":"2020-03-08T14:12:52","date_gmt":"2020-03-08T13:12:52","guid":{"rendered":"https:\/\/www.trust-immobiliere.com\/?post_type=product&#038;p=1765"},"modified":"2020-04-14T20:04:17","modified_gmt":"2020-04-14T18:04:17","slug":"nouvelle-residence-les-jardins-du-lac-abrar","status":"publish","type":"product","link":"https:\/\/www.trust-immobiliere.com\/index.php\/produit\/nouvelle-residence-les-jardins-du-lac-abrar\/","title":{"rendered":"Nouvelle Residence -Les Jardins du Lac"},"content":{"rendered":"","protected":false},"excerpt":{"rendered":"<p>L\u2019Agence TRUST IMMOBILIERE propose \u00e0 vendre des appartements et des duplex dans une R\u00e9sidence de haut standing Situ\u00e9e aux jardins du lac.<\/p>\n<p>La surface des S+2 var\u0131e entre 108 m2 et 120 m2<br \/>\nLe prix des S+2 est de 412.000 DT et  457000 DT<br \/>\nLa surface des S+3 varie entre 138 m2 et 160 m2<br \/>\nLe prix des S+3 varie entre 525000 DT et  610000 DT<\/p>\n<p>La place de parking au sous-sol est de 20000 DT.<\/p>\n<p>La Remise des cl\u00e9s est imm\u00e9diate.<\/p>\n","protected":false},"featured_media":1778,"comment_status":"open","ping_status":"closed","template":"","meta":[],"_links":{"self":[{"href":"https:\/\/www.trust-immobiliere.com\/index.php\/wp-json\/wp\/v2\/product\/1765"}],"collection":[{"href":"https:\/\/www.trust-immobiliere.com\/index.php\/wp-json\/wp\/v2\/product"}],"about":[{"href":"https:\/\/www.trust-immobiliere.com\/index.php\/wp-json\/wp\/v2\/types\/product"}],"replies":[{"embeddable":true,"href":"https:\/\/www.trust-immobiliere.com\/index.php\/wp-json\/wp\/v2\/comments?post=1765"}],"wp:featuredmedia":[{"embeddable":true,"href":"https:\/\/www.trust-immobiliere.com\/index.php\/wp-json\/wp\/v2\/media\/1778"}],"wp:attachment":[{"href":"https:\/\/www.trust-immobiliere.com\/index.php\/wp-json\/wp\/v2\/media?parent=1765"}],"curies":[{"name":"wp","href":"https:\/\/api.w.org\/{rel}","templated":true}]}}