{"id":1805,"date":"2020-03-08T16:22:06","date_gmt":"2020-03-08T15:22:06","guid":{"rendered":"https:\/\/www.trust-immobiliere.com\/?post_type=product&#038;p=1805"},"modified":"2020-04-14T20:02:17","modified_gmt":"2020-04-14T18:02:17","slug":"s2-ain-zaghouan-vente-farouk","status":"publish","type":"product","link":"https:\/\/www.trust-immobiliere.com\/index.php\/produit\/s2-ain-zaghouan-vente-farouk\/","title":{"rendered":"S+2-AIN ZAGHOUAN"},"content":{"rendered":"","protected":false},"excerpt":{"rendered":"<p>L\u2019Agence TRUST IMMOBILIERE propose \u00e0 vendre des appartements dans une R\u00e9sidence R+5 de haut standing Situ\u00e9e \u00e0 Ain Zaghouan.<\/p>\n<p>Les appartements sont de type S+2\/S+3<\/p>\n<p>La surface des S+2 varie entre 101,41 m2 et 115,37 m2<br \/>\nLe prix des S+2 varie entre  247.000 DT et 263.000 DT<br \/>\nLa surface des S+3 est 140,68 m2<br \/>\nLe prix des S+3 est 317.000 DT <\/p>\n<p>Le pr\u0131x de la place de parking au sous-sol est 18000 DT<\/p>\n","protected":false},"featured_media":1806,"comment_status":"open","ping_status":"closed","template":"","meta":[],"_links":{"self":[{"href":"https:\/\/www.trust-immobiliere.com\/index.php\/wp-json\/wp\/v2\/product\/1805"}],"collection":[{"href":"https:\/\/www.trust-immobiliere.com\/index.php\/wp-json\/wp\/v2\/product"}],"about":[{"href":"https:\/\/www.trust-immobiliere.com\/index.php\/wp-json\/wp\/v2\/types\/product"}],"replies":[{"embeddable":true,"href":"https:\/\/www.trust-immobiliere.com\/index.php\/wp-json\/wp\/v2\/comments?post=1805"}],"wp:featuredmedia":[{"embeddable":true,"href":"https:\/\/www.trust-immobiliere.com\/index.php\/wp-json\/wp\/v2\/media\/1806"}],"wp:attachment":[{"href":"https:\/\/www.trust-immobiliere.com\/index.php\/wp-json\/wp\/v2\/media?parent=1805"}],"curies":[{"name":"wp","href":"https:\/\/api.w.org\/{rel}","templated":true}]}}