{"id":1816,"date":"2020-03-08T17:47:43","date_gmt":"2020-03-08T16:47:43","guid":{"rendered":"https:\/\/www.trust-immobiliere.com\/?post_type=product&#038;p=1816"},"modified":"2025-06-23T06:27:27","modified_gmt":"2025-06-23T04:27:27","slug":"triplex-s3-les-berges-du-lac-astoria","status":"publish","type":"product","link":"https:\/\/www.trust-immobiliere.com\/index.php\/produit\/triplex-s3-les-berges-du-lac-astoria\/","title":{"rendered":"Triplex S+4- Les Berges du Lac"},"content":{"rendered":"","protected":false},"excerpt":{"rendered":"<p>L\u2019Agence TRUST IMMOBILIERE propose \u00e0 vendre un triplex de tr\u00e8s haut standing de type S+3 et S+4 situe dans un immeuble r\u00e9sidentiel R+8 aux berges du lac.<br \/>\nLa surface des triplex S+4 varie entre  327.52 m2 et 439.56 m2<br \/>\nLa surface du jardin varie entre  56 m2 et 122.99 m2<br \/>\nLe prix des du triplex S+4 varie entre  1.1771.500 DT et 2.430.850. DT<\/p>\n<p>La Remise des cl\u00e9s est pr\u00e9vue pour SEPTEMBRE 2020.<\/p>\n","protected":false},"featured_media":1819,"comment_status":"open","ping_status":"closed","template":"","meta":[],"_links":{"self":[{"href":"https:\/\/www.trust-immobiliere.com\/index.php\/wp-json\/wp\/v2\/product\/1816"}],"collection":[{"href":"https:\/\/www.trust-immobiliere.com\/index.php\/wp-json\/wp\/v2\/product"}],"about":[{"href":"https:\/\/www.trust-immobiliere.com\/index.php\/wp-json\/wp\/v2\/types\/product"}],"replies":[{"embeddable":true,"href":"https:\/\/www.trust-immobiliere.com\/index.php\/wp-json\/wp\/v2\/comments?post=1816"}],"wp:featuredmedia":[{"embeddable":true,"href":"https:\/\/www.trust-immobiliere.com\/index.php\/wp-json\/wp\/v2\/media\/1819"}],"wp:attachment":[{"href":"https:\/\/www.trust-immobiliere.com\/index.php\/wp-json\/wp\/v2\/media?parent=1816"}],"curies":[{"name":"wp","href":"https:\/\/api.w.org\/{rel}","templated":true}]}}