{"id":1821,"date":"2020-03-08T17:50:36","date_gmt":"2020-03-08T16:50:36","guid":{"rendered":"https:\/\/www.trust-immobiliere.com\/?post_type=product&#038;p=1821"},"modified":"2020-03-08T17:50:36","modified_gmt":"2020-03-08T16:50:36","slug":"duplex-berges-du-lac","status":"publish","type":"product","link":"https:\/\/www.trust-immobiliere.com\/index.php\/produit\/duplex-berges-du-lac\/","title":{"rendered":"Duplex -Berges du Lac"},"content":{"rendered":"","protected":false},"excerpt":{"rendered":"<p>L\u2019Agence TRUST IMMOBILIERE propose \u00e0 vendre un duplex de tr\u00e8s haut standing situe dans un immeuble r\u00e9sidentiel R+8 aux berges du lac.<br \/>\nLa surface du duplex est 330.5 m2<br \/>\nLa surface du jardin est 51 m2<br \/>\nLe prix des du duplex est  1.635.000 DT <\/p>\n<p>La Remise des cl\u00e9s est pr\u00e9vue pour SEPTEMBRE 2020.<\/p>\n","protected":false},"featured_media":1819,"comment_status":"open","ping_status":"closed","template":"","meta":[],"_links":{"self":[{"href":"https:\/\/www.trust-immobiliere.com\/index.php\/wp-json\/wp\/v2\/product\/1821"}],"collection":[{"href":"https:\/\/www.trust-immobiliere.com\/index.php\/wp-json\/wp\/v2\/product"}],"about":[{"href":"https:\/\/www.trust-immobiliere.com\/index.php\/wp-json\/wp\/v2\/types\/product"}],"replies":[{"embeddable":true,"href":"https:\/\/www.trust-immobiliere.com\/index.php\/wp-json\/wp\/v2\/comments?post=1821"}],"wp:featuredmedia":[{"embeddable":true,"href":"https:\/\/www.trust-immobiliere.com\/index.php\/wp-json\/wp\/v2\/media\/1819"}],"wp:attachment":[{"href":"https:\/\/www.trust-immobiliere.com\/index.php\/wp-json\/wp\/v2\/media?parent=1821"}],"curies":[{"name":"wp","href":"https:\/\/api.w.org\/{rel}","templated":true}]}}