{"id":1823,"date":"2020-03-08T17:53:08","date_gmt":"2020-03-08T16:53:08","guid":{"rendered":"https:\/\/www.trust-immobiliere.com\/?post_type=product&#038;p=1823"},"modified":"2025-06-26T06:49:22","modified_gmt":"2025-06-26T04:49:22","slug":"lofts-berges-du-lac-vente-astoria","status":"publish","type":"product","link":"https:\/\/www.trust-immobiliere.com\/index.php\/produit\/lofts-berges-du-lac-vente-astoria\/","title":{"rendered":"Lofts S+4-Berges du Lac"},"content":{"rendered":"","protected":false},"excerpt":{"rendered":"<p>L\u2019Agence TRUST IMMOBILIERE propose \u00e0 vendre des lofts de tr\u00e8s haut standing de type S+4 dans un immeuble r\u00e9sidentiel R+8 Situ\u00e9e aux berges du lac.<br \/>\nLes appartements sont de type lofts<br \/>\nLa surface des lofts de type S+4 varie entre 307,30 m2 et 489,90 m2<br \/>\nLe prix des lofts de type S+4  var\u0131e entre 1.820.000 DT et 2.566,000 DT<\/p>\n<p>Les lofts comprennent des jardins et piscines<\/p>\n<p>La Remise des cl\u00e9s est pr\u00e9vue pour SEPTEMBRE 2020.<\/p>\n","protected":false},"featured_media":1820,"comment_status":"open","ping_status":"closed","template":"","meta":[],"_links":{"self":[{"href":"https:\/\/www.trust-immobiliere.com\/index.php\/wp-json\/wp\/v2\/product\/1823"}],"collection":[{"href":"https:\/\/www.trust-immobiliere.com\/index.php\/wp-json\/wp\/v2\/product"}],"about":[{"href":"https:\/\/www.trust-immobiliere.com\/index.php\/wp-json\/wp\/v2\/types\/product"}],"replies":[{"embeddable":true,"href":"https:\/\/www.trust-immobiliere.com\/index.php\/wp-json\/wp\/v2\/comments?post=1823"}],"wp:featuredmedia":[{"embeddable":true,"href":"https:\/\/www.trust-immobiliere.com\/index.php\/wp-json\/wp\/v2\/media\/1820"}],"wp:attachment":[{"href":"https:\/\/www.trust-immobiliere.com\/index.php\/wp-json\/wp\/v2\/media?parent=1823"}],"curies":[{"name":"wp","href":"https:\/\/api.w.org\/{rel}","templated":true}]}}