{"id":1824,"date":"2020-03-08T17:55:29","date_gmt":"2020-03-08T16:55:29","guid":{"rendered":"https:\/\/www.trust-immobiliere.com\/?post_type=product&#038;p=1824"},"modified":"2025-10-03T17:11:51","modified_gmt":"2025-10-03T15:11:51","slug":"s2-s3-berges-du-lac-vente-astoria","status":"publish","type":"product","link":"https:\/\/www.trust-immobiliere.com\/index.php\/produit\/s2-s3-berges-du-lac-vente-astoria\/","title":{"rendered":"S+2-S+3-Berges du Lac"},"content":{"rendered":"","protected":false},"excerpt":{"rendered":"<p>L\u2019Agence TRUST IMMOBILIERE propose \u00e0 vendre des appartements dans un immeuble r\u00e9sidentiel R+8 de tr\u00e8s haut standing Situ\u00e9e aux berges du lac.<\/p>\n<p>Les appartements sont de type S+2\/S+3<br \/>\nLa surface des S+2 est 170.6 m2 e<br \/>\nLe prix des S+2 est  720,000 DT<br \/>\nLa surface des S+3 varie entre 197,4 m2 et 256,8 m2<br \/>\nLe prix des S+3 var\u0131e entre 830.000 DT et 1.080,000 DT<\/p>\n","protected":false},"featured_media":1820,"comment_status":"open","ping_status":"closed","template":"","meta":[],"_links":{"self":[{"href":"https:\/\/www.trust-immobiliere.com\/index.php\/wp-json\/wp\/v2\/product\/1824"}],"collection":[{"href":"https:\/\/www.trust-immobiliere.com\/index.php\/wp-json\/wp\/v2\/product"}],"about":[{"href":"https:\/\/www.trust-immobiliere.com\/index.php\/wp-json\/wp\/v2\/types\/product"}],"replies":[{"embeddable":true,"href":"https:\/\/www.trust-immobiliere.com\/index.php\/wp-json\/wp\/v2\/comments?post=1824"}],"wp:featuredmedia":[{"embeddable":true,"href":"https:\/\/www.trust-immobiliere.com\/index.php\/wp-json\/wp\/v2\/media\/1820"}],"wp:attachment":[{"href":"https:\/\/www.trust-immobiliere.com\/index.php\/wp-json\/wp\/v2\/media?parent=1824"}],"curies":[{"name":"wp","href":"https:\/\/api.w.org\/{rel}","templated":true}]}}