{"id":1825,"date":"2020-03-08T18:09:21","date_gmt":"2020-03-08T17:09:21","guid":{"rendered":"https:\/\/www.trust-immobiliere.com\/?post_type=product&#038;p=1825"},"modified":"2025-06-23T06:26:21","modified_gmt":"2025-06-23T04:26:21","slug":"s1-s2-s3-ain-zaghouan","status":"publish","type":"product","link":"https:\/\/www.trust-immobiliere.com\/index.php\/produit\/s1-s2-s3-ain-zaghouan\/","title":{"rendered":"S+1-S+2-S+3 -Ain Zaghouan"},"content":{"rendered":"","protected":false},"excerpt":{"rendered":"<p>L\u2019Agence TRUST IMMOBILIERE propose \u00e0 vendre des appartements dans une R\u00e9sidence R+7 de haut standing Situ\u00e9e \u00e0 AIN ZAGHOUAN.<\/p>\n<p>Les appartements sont de type S+1\/ S+2\/S+3<\/p>\n<p>La surface des S+1 varie entre 81 m2 et 86 m2<br \/>\nLe prix des S+1 varie entre  211.000 DT et 224000 DT<br \/>\nLa surface des S+2 varie entre 109 m2 et 127 m2<br \/>\nLe prix des S+2 varie entre  284.000 DT et 330000 DT<br \/>\nLa surface des S+3 varie entre 130 m2 et 155 m2<br \/>\nLe prix des S+3 varie entre 338.000 DT et 403000 DT<\/p>\n","protected":false},"featured_media":1843,"comment_status":"open","ping_status":"closed","template":"","meta":[],"_links":{"self":[{"href":"https:\/\/www.trust-immobiliere.com\/index.php\/wp-json\/wp\/v2\/product\/1825"}],"collection":[{"href":"https:\/\/www.trust-immobiliere.com\/index.php\/wp-json\/wp\/v2\/product"}],"about":[{"href":"https:\/\/www.trust-immobiliere.com\/index.php\/wp-json\/wp\/v2\/types\/product"}],"replies":[{"embeddable":true,"href":"https:\/\/www.trust-immobiliere.com\/index.php\/wp-json\/wp\/v2\/comments?post=1825"}],"wp:featuredmedia":[{"embeddable":true,"href":"https:\/\/www.trust-immobiliere.com\/index.php\/wp-json\/wp\/v2\/media\/1843"}],"wp:attachment":[{"href":"https:\/\/www.trust-immobiliere.com\/index.php\/wp-json\/wp\/v2\/media?parent=1825"}],"curies":[{"name":"wp","href":"https:\/\/api.w.org\/{rel}","templated":true}]}}