{"id":1846,"date":"2020-03-08T18:26:02","date_gmt":"2020-03-08T17:26:02","guid":{"rendered":"https:\/\/www.trust-immobiliere.com\/?post_type=product&#038;p=1846"},"modified":"2025-06-13T17:39:19","modified_gmt":"2025-06-13T15:39:19","slug":"s1-s2-s3-ain-zaghouan-nord-2-neuf-farouk","status":"publish","type":"product","link":"https:\/\/www.trust-immobiliere.com\/index.php\/produit\/s1-s2-s3-ain-zaghouan-nord-2-neuf-farouk\/","title":{"rendered":"S+1-S+2-S+3-Ain Zaghouan Nord"},"content":{"rendered":"<p>La Remise des cl\u00e9s est imm\u00e9diate.<br \/>\nN&rsquo;h\u00e9sitez pas \u00e0 nous contacter sur : 24266000 \/ 55336649 \/ 55571144<\/p>\n","protected":false},"excerpt":{"rendered":"<p>L\u2019Agence TRUST IMMOBILIERE propose \u00e0 vendre des appartements dans une R\u00e9sidence R+7 de haut standing Situ\u00e9e \u00e0 AIN ZAGHOUAN.<br \/>\nLes appartements disponibles sont de type S+1\/ S+2\/S+3<br \/>\nLa surface des S+1 est 87 m2 avec spacieuse terrasse de 34 m2<br \/>\nLe prix des S+1 est de 235000 DT<br \/>\nLa surface des S+2 varie entre 128 m2 et 133 m2<br \/>\nLe prix des S+2 varie entre  270.000 DT et 280.000 DT<br \/>\nLa surface des S+3 varie entre 144 m2 et 164 m2<br \/>\nLe prix des S+3 varie entre 303.000 DT et 345000 DT<br \/>\nLa place de parking au sous-sol est de 21500 DT<\/p>\n","protected":false},"featured_media":1847,"comment_status":"open","ping_status":"closed","template":"","meta":[],"_links":{"self":[{"href":"https:\/\/www.trust-immobiliere.com\/index.php\/wp-json\/wp\/v2\/product\/1846"}],"collection":[{"href":"https:\/\/www.trust-immobiliere.com\/index.php\/wp-json\/wp\/v2\/product"}],"about":[{"href":"https:\/\/www.trust-immobiliere.com\/index.php\/wp-json\/wp\/v2\/types\/product"}],"replies":[{"embeddable":true,"href":"https:\/\/www.trust-immobiliere.com\/index.php\/wp-json\/wp\/v2\/comments?post=1846"}],"wp:featuredmedia":[{"embeddable":true,"href":"https:\/\/www.trust-immobiliere.com\/index.php\/wp-json\/wp\/v2\/media\/1847"}],"wp:attachment":[{"href":"https:\/\/www.trust-immobiliere.com\/index.php\/wp-json\/wp\/v2\/media?parent=1846"}],"curies":[{"name":"wp","href":"https:\/\/api.w.org\/{rel}","templated":true}]}}