{"id":1879,"date":"2020-03-08T20:19:52","date_gmt":"2020-03-08T19:19:52","guid":{"rendered":"https:\/\/www.trust-immobiliere.com\/?post_type=product&#038;p=1879"},"modified":"2022-07-17T23:21:28","modified_gmt":"2022-07-17T21:21:28","slug":"s1-chotrana-neuf-la-violette","status":"publish","type":"product","link":"https:\/\/www.trust-immobiliere.com\/index.php\/produit\/s1-chotrana-neuf-la-violette\/","title":{"rendered":"S+1-S+2-S+3 -Chotrana"},"content":{"rendered":"","protected":false},"excerpt":{"rendered":"<p>L\u2019Agence TRUST IMMOBILIERE propose \u00e0 vendre des appartements dans une R\u00e9sidence R+2 de haut standing Situ\u00e9e a CHOTRANA.<\/p>\n<p>La surface des S+1 est de 62 m2<br \/>\nLe prix des S+1 est de 102.000 DT<br \/>\nLa surface des S+2 est de 118.5 m2<br \/>\nLe prix des S+2 est de 193.000 DT<br \/>\nLa surface des S+3 varie entre 130 m2 et 143,5 m2<br \/>\nLe prix des S+3 varie entre  est de 213.000 DT et 235000 DT<\/p>\n<p>Le prix d\u2019une place de parking au RDC est de 7000 DT<\/p>\n<p>La Remise des cl\u00e9s est imm\u00e9diate.<\/p>\n","protected":false},"featured_media":1881,"comment_status":"open","ping_status":"closed","template":"","meta":[],"_links":{"self":[{"href":"https:\/\/www.trust-immobiliere.com\/index.php\/wp-json\/wp\/v2\/product\/1879"}],"collection":[{"href":"https:\/\/www.trust-immobiliere.com\/index.php\/wp-json\/wp\/v2\/product"}],"about":[{"href":"https:\/\/www.trust-immobiliere.com\/index.php\/wp-json\/wp\/v2\/types\/product"}],"replies":[{"embeddable":true,"href":"https:\/\/www.trust-immobiliere.com\/index.php\/wp-json\/wp\/v2\/comments?post=1879"}],"wp:featuredmedia":[{"embeddable":true,"href":"https:\/\/www.trust-immobiliere.com\/index.php\/wp-json\/wp\/v2\/media\/1881"}],"wp:attachment":[{"href":"https:\/\/www.trust-immobiliere.com\/index.php\/wp-json\/wp\/v2\/media?parent=1879"}],"curies":[{"name":"wp","href":"https:\/\/api.w.org\/{rel}","templated":true}]}}