{"id":1889,"date":"2020-03-08T20:43:44","date_gmt":"2020-03-08T19:43:44","guid":{"rendered":"https:\/\/www.trust-immobiliere.com\/?post_type=product&#038;p=1889"},"modified":"2025-09-27T15:49:42","modified_gmt":"2025-09-27T13:49:42","slug":"s2-s3-chotrana-neuf-iris","status":"publish","type":"product","link":"https:\/\/www.trust-immobiliere.com\/index.php\/produit\/s2-s3-chotrana-neuf-iris\/","title":{"rendered":"S+2-S+3-Chotrana"},"content":{"rendered":"","protected":false},"excerpt":{"rendered":"<p>L\u2019Agence TRUST IMMOBILIERE propose \u00e0 vendre des appartements dans une R\u00e9sidence R+2 de haut standing Situ\u00e9e a CHOTRANA.<\/p>\n<p>La surface des S+2 est de 100 m2<br \/>\nLe prix des S+2 est de 165000 DT<br \/>\nLa surface des S+3 varie entre 126 m2 et 130 m2<br \/>\nLe prix des S+3 varie entre  est de 205.000 DT et 235000 DT<\/p>\n<p>Le prix d\u2019une place de parking au RDC est de 7000 DT<\/p>\n<p>La Remise des cl\u00e9s est imm\u00e9diate.<\/p>\n","protected":false},"featured_media":1890,"comment_status":"open","ping_status":"closed","template":"","meta":[],"_links":{"self":[{"href":"https:\/\/www.trust-immobiliere.com\/index.php\/wp-json\/wp\/v2\/product\/1889"}],"collection":[{"href":"https:\/\/www.trust-immobiliere.com\/index.php\/wp-json\/wp\/v2\/product"}],"about":[{"href":"https:\/\/www.trust-immobiliere.com\/index.php\/wp-json\/wp\/v2\/types\/product"}],"replies":[{"embeddable":true,"href":"https:\/\/www.trust-immobiliere.com\/index.php\/wp-json\/wp\/v2\/comments?post=1889"}],"wp:featuredmedia":[{"embeddable":true,"href":"https:\/\/www.trust-immobiliere.com\/index.php\/wp-json\/wp\/v2\/media\/1890"}],"wp:attachment":[{"href":"https:\/\/www.trust-immobiliere.com\/index.php\/wp-json\/wp\/v2\/media?parent=1889"}],"curies":[{"name":"wp","href":"https:\/\/api.w.org\/{rel}","templated":true}]}}