{"id":1921,"date":"2020-03-08T22:12:39","date_gmt":"2020-03-08T21:12:39","guid":{"rendered":"https:\/\/www.trust-immobiliere.com\/?post_type=product&#038;p=1921"},"modified":"2020-03-08T22:12:39","modified_gmt":"2020-03-08T21:12:39","slug":"s2-borj-louzir-neuf-nahawand","status":"publish","type":"product","link":"https:\/\/www.trust-immobiliere.com\/index.php\/produit\/s2-borj-louzir-neuf-nahawand\/","title":{"rendered":"S+2- Borj Louzir"},"content":{"rendered":"","protected":false},"excerpt":{"rendered":"<p>L\u2019Agence TRUST IMMOBILIERE propose \u00e0 vendre des appartements S+2 dans une R\u00e9sidence R+3 de haut standing Situ\u00e9e \u00e0 BORJ LOUZIR<\/p>\n<p>La surface des S+2 varie entre 95 m2 et 129 m2<br \/>\nLe prix des S+2 varie entre  150.000 DT et 204.000 DT<\/p>\n<p>Le pr\u0131x de la place de parking au sous-sol est de 8.000 DT<br \/>\nLa remise des cl\u00e9s est Imm\u00e9diate.<\/p>\n","protected":false},"featured_media":1918,"comment_status":"open","ping_status":"closed","template":"","meta":[],"_links":{"self":[{"href":"https:\/\/www.trust-immobiliere.com\/index.php\/wp-json\/wp\/v2\/product\/1921"}],"collection":[{"href":"https:\/\/www.trust-immobiliere.com\/index.php\/wp-json\/wp\/v2\/product"}],"about":[{"href":"https:\/\/www.trust-immobiliere.com\/index.php\/wp-json\/wp\/v2\/types\/product"}],"replies":[{"embeddable":true,"href":"https:\/\/www.trust-immobiliere.com\/index.php\/wp-json\/wp\/v2\/comments?post=1921"}],"wp:featuredmedia":[{"embeddable":true,"href":"https:\/\/www.trust-immobiliere.com\/index.php\/wp-json\/wp\/v2\/media\/1918"}],"wp:attachment":[{"href":"https:\/\/www.trust-immobiliere.com\/index.php\/wp-json\/wp\/v2\/media?parent=1921"}],"curies":[{"name":"wp","href":"https:\/\/api.w.org\/{rel}","templated":true}]}}