{"id":2821,"date":"2020-04-14T21:45:31","date_gmt":"2020-04-14T19:45:31","guid":{"rendered":"https:\/\/www.trust-immobiliere.com\/?post_type=product&#038;p=2821"},"modified":"2025-01-29T13:39:51","modified_gmt":"2025-01-29T12:39:51","slug":"perle-1-et-2-vente","status":"publish","type":"product","link":"https:\/\/www.trust-immobiliere.com\/index.php\/produit\/perle-1-et-2-vente\/","title":{"rendered":"BUREAUX ET COMMERCES AU LAC 1"},"content":{"rendered":"","protected":false},"excerpt":{"rendered":"<p>L\u2019Agence TRUST IMMOBILIERE propose \u00e0 vendre des Bureaux et des locaux de commerce dans une R\u00e9sidence de haut standing Situ\u00e9e au LAC 1.<\/p>\n<p>La surface des Bureaux varie entre 150 m2 et 203 m2<br \/>\nLe prix varie 756.000 DT et 986.000 DT<\/p>\n<p>La Remise des cl\u00e9s est imm\u00e9diate.<\/p>\n","protected":false},"featured_media":2822,"comment_status":"open","ping_status":"closed","template":"","meta":[],"_links":{"self":[{"href":"https:\/\/www.trust-immobiliere.com\/index.php\/wp-json\/wp\/v2\/product\/2821"}],"collection":[{"href":"https:\/\/www.trust-immobiliere.com\/index.php\/wp-json\/wp\/v2\/product"}],"about":[{"href":"https:\/\/www.trust-immobiliere.com\/index.php\/wp-json\/wp\/v2\/types\/product"}],"replies":[{"embeddable":true,"href":"https:\/\/www.trust-immobiliere.com\/index.php\/wp-json\/wp\/v2\/comments?post=2821"}],"wp:featuredmedia":[{"embeddable":true,"href":"https:\/\/www.trust-immobiliere.com\/index.php\/wp-json\/wp\/v2\/media\/2822"}],"wp:attachment":[{"href":"https:\/\/www.trust-immobiliere.com\/index.php\/wp-json\/wp\/v2\/media?parent=2821"}],"curies":[{"name":"wp","href":"https:\/\/api.w.org\/{rel}","templated":true}]}}