{"id":2823,"date":"2020-04-14T21:51:46","date_gmt":"2020-04-14T19:51:46","guid":{"rendered":"https:\/\/www.trust-immobiliere.com\/?post_type=product&#038;p=2823"},"modified":"2024-07-25T04:09:39","modified_gmt":"2024-07-25T02:09:39","slug":"residence-elons-neuf","status":"publish","type":"product","link":"https:\/\/www.trust-immobiliere.com\/index.php\/produit\/residence-elons-neuf\/","title":{"rendered":"S+1 ET S+3 &#8211; BORJ LOUZIR"},"content":{"rendered":"","protected":false},"excerpt":{"rendered":"<p>L\u2019Agence TRUST IMMOBILIERE propose \u00e0 vendre des appartements de type  S+1\/S+3 dans une R\u00e9sidence R+3 de haut standing Situ\u00e9e \u00e0 BORJ LOUZIR<\/p>\n<p>La surface des S+1 varie entre 68,5 m2<br \/>\nLe prix des S+1 est 132.000 DT<br \/>\nLa surface des S+3 varie entre 130 m2 et 150 m2<br \/>\nLe prix des S+3 varie entre  232.000 DT et 268.000 DT<\/p>\n<p>Le pr\u0131x y compris la place de parking avec abris + CELLIER<br \/>\nLe prix de la place de parking au sous-sol est de 12.500 DT<br \/>\nLa remise des cl\u00e9s est Imm\u00e9diate.<\/p>\n","protected":false},"featured_media":2824,"comment_status":"open","ping_status":"closed","template":"","meta":[],"_links":{"self":[{"href":"https:\/\/www.trust-immobiliere.com\/index.php\/wp-json\/wp\/v2\/product\/2823"}],"collection":[{"href":"https:\/\/www.trust-immobiliere.com\/index.php\/wp-json\/wp\/v2\/product"}],"about":[{"href":"https:\/\/www.trust-immobiliere.com\/index.php\/wp-json\/wp\/v2\/types\/product"}],"replies":[{"embeddable":true,"href":"https:\/\/www.trust-immobiliere.com\/index.php\/wp-json\/wp\/v2\/comments?post=2823"}],"wp:featuredmedia":[{"embeddable":true,"href":"https:\/\/www.trust-immobiliere.com\/index.php\/wp-json\/wp\/v2\/media\/2824"}],"wp:attachment":[{"href":"https:\/\/www.trust-immobiliere.com\/index.php\/wp-json\/wp\/v2\/media?parent=2823"}],"curies":[{"name":"wp","href":"https:\/\/api.w.org\/{rel}","templated":true}]}}