{"id":2825,"date":"2020-04-14T22:07:15","date_gmt":"2020-04-14T20:07:15","guid":{"rendered":"https:\/\/www.trust-immobiliere.com\/?post_type=product&#038;p=2825"},"modified":"2025-06-13T17:40:26","modified_gmt":"2025-06-13T15:40:26","slug":"west-gammarth-vente-neuf","status":"publish","type":"product","link":"https:\/\/www.trust-immobiliere.com\/index.php\/produit\/west-gammarth-vente-neuf\/","title":{"rendered":"S+1\/S+2\/S+3 A RAOUED"},"content":{"rendered":"","protected":false},"excerpt":{"rendered":"<p>L\u2019Agence TRUST IMMOBILIERE propose \u00e0 vendre des appartements de type  S+1\/S+2\/S+3  dans une R\u00e9sidence de haut standing Situ\u00e9e \u00e0 RAOUED<br \/>\nLa surface des S+1 est 75 m2<br \/>\nLe prix des S+1 est 261.000 DT<br \/>\nLa surface des S+2 est 154 m2<br \/>\nLe prix des S+2 est 460.000 DT<br \/>\nLa surface des S+3 est 198 m2<br \/>\nLe prix des S+3 est 657.000 DT<\/p>\n<p>Le pr\u0131x des appartements comprennent une place de parking au sous-sol.<br \/>\nLa remise des cl\u00e9s est imm\u00e9diate.<\/p>\n","protected":false},"featured_media":2826,"comment_status":"open","ping_status":"closed","template":"","meta":[],"_links":{"self":[{"href":"https:\/\/www.trust-immobiliere.com\/index.php\/wp-json\/wp\/v2\/product\/2825"}],"collection":[{"href":"https:\/\/www.trust-immobiliere.com\/index.php\/wp-json\/wp\/v2\/product"}],"about":[{"href":"https:\/\/www.trust-immobiliere.com\/index.php\/wp-json\/wp\/v2\/types\/product"}],"replies":[{"embeddable":true,"href":"https:\/\/www.trust-immobiliere.com\/index.php\/wp-json\/wp\/v2\/comments?post=2825"}],"wp:featuredmedia":[{"embeddable":true,"href":"https:\/\/www.trust-immobiliere.com\/index.php\/wp-json\/wp\/v2\/media\/2826"}],"wp:attachment":[{"href":"https:\/\/www.trust-immobiliere.com\/index.php\/wp-json\/wp\/v2\/media?parent=2825"}],"curies":[{"name":"wp","href":"https:\/\/api.w.org\/{rel}","templated":true}]}}