{"id":2835,"date":"2020-04-14T23:36:19","date_gmt":"2020-04-14T21:36:19","guid":{"rendered":"https:\/\/www.trust-immobiliere.com\/?post_type=product&#038;p=2835"},"modified":"2020-04-14T23:53:38","modified_gmt":"2020-04-14T21:53:38","slug":"phenicia-neuf","status":"publish","type":"product","link":"https:\/\/www.trust-immobiliere.com\/index.php\/produit\/phenicia-neuf\/","title":{"rendered":"S+3\/S+4 &#8211; CHOTRANA"},"content":{"rendered":"","protected":false},"excerpt":{"rendered":"<p>L\u2019Agence TRUST IMMOBILIERE propose \u00e0 vendre des appartements de type  S+3\/S+4  dans une R\u00e9sidence R+7 de haut standing Situ\u00e9e \u00e0 CHOTRANA<br \/>\nLa surface des S+3 varie entre 141 m2 et 165 m2<br \/>\nLe prix des S+3 varie entre 325.000 DT et 380.000 DT<br \/>\nLa surface des S+4 varie entre 222 m2 et 224 m2<br \/>\nLe prix des S+4 varie entre 511.000 DT et 515.000 DT<\/p>\n<p>Le pr\u0131x d\u2019une place de parking au sous-sol est  15 000 DT<br \/>\nLa remise des cl\u00e9s est imm\u00e9diate.<\/p>\n","protected":false},"featured_media":2836,"comment_status":"open","ping_status":"closed","template":"","meta":[],"_links":{"self":[{"href":"https:\/\/www.trust-immobiliere.com\/index.php\/wp-json\/wp\/v2\/product\/2835"}],"collection":[{"href":"https:\/\/www.trust-immobiliere.com\/index.php\/wp-json\/wp\/v2\/product"}],"about":[{"href":"https:\/\/www.trust-immobiliere.com\/index.php\/wp-json\/wp\/v2\/types\/product"}],"replies":[{"embeddable":true,"href":"https:\/\/www.trust-immobiliere.com\/index.php\/wp-json\/wp\/v2\/comments?post=2835"}],"wp:featuredmedia":[{"embeddable":true,"href":"https:\/\/www.trust-immobiliere.com\/index.php\/wp-json\/wp\/v2\/media\/2836"}],"wp:attachment":[{"href":"https:\/\/www.trust-immobiliere.com\/index.php\/wp-json\/wp\/v2\/media?parent=2835"}],"curies":[{"name":"wp","href":"https:\/\/api.w.org\/{rel}","templated":true}]}}