{"id":2837,"date":"2020-04-14T23:59:41","date_gmt":"2020-04-14T21:59:41","guid":{"rendered":"https:\/\/www.trust-immobiliere.com\/?post_type=product&#038;p=2837"},"modified":"2020-04-15T00:13:58","modified_gmt":"2020-04-14T22:13:58","slug":"residence-syrine-neuf","status":"publish","type":"product","link":"https:\/\/www.trust-immobiliere.com\/index.php\/produit\/residence-syrine-neuf\/","title":{"rendered":"S+1\/S+2\/S+3- CHOTRANA"},"content":{"rendered":"","protected":false},"excerpt":{"rendered":"<p>L\u2019Agence TRUST IMMOBILIERE propose \u00e0 vendre des appartements dans un immeuble r\u00e9sidentiel R+2 de tr\u00e8s haut standing Situ\u00e9e \u00e0 Chotrana.<\/p>\n<p>Les appartements sont de type S+1\/S+2\/S+3<br \/>\nLa surface des S+1 varie entre 70 m2 et 80 m2 avec 30 m2 jardin<br \/>\nLe prix des S+1 var\u0131e entre 132.000 DT et 253.000 DT<br \/>\nLa surface des S+2 varie entre 130 m2 et 135 m2 avec 70 m2 jardin<br \/>\nLe prix des S+2 var\u0131e entre 325.000 DT et 442.500 DT<br \/>\nLa surface des S+3 varie entre 170 m2 et 205 m2 avec 100 m2 jardin<br \/>\nLe prix des S+3 var\u0131e entre 425.000 DT et 662.500 DT<\/p>\n","protected":false},"featured_media":2838,"comment_status":"open","ping_status":"closed","template":"","meta":[],"_links":{"self":[{"href":"https:\/\/www.trust-immobiliere.com\/index.php\/wp-json\/wp\/v2\/product\/2837"}],"collection":[{"href":"https:\/\/www.trust-immobiliere.com\/index.php\/wp-json\/wp\/v2\/product"}],"about":[{"href":"https:\/\/www.trust-immobiliere.com\/index.php\/wp-json\/wp\/v2\/types\/product"}],"replies":[{"embeddable":true,"href":"https:\/\/www.trust-immobiliere.com\/index.php\/wp-json\/wp\/v2\/comments?post=2837"}],"wp:featuredmedia":[{"embeddable":true,"href":"https:\/\/www.trust-immobiliere.com\/index.php\/wp-json\/wp\/v2\/media\/2838"}],"wp:attachment":[{"href":"https:\/\/www.trust-immobiliere.com\/index.php\/wp-json\/wp\/v2\/media?parent=2837"}],"curies":[{"name":"wp","href":"https:\/\/api.w.org\/{rel}","templated":true}]}}