{"id":2840,"date":"2020-04-15T00:18:01","date_gmt":"2020-04-14T22:18:01","guid":{"rendered":"https:\/\/www.trust-immobiliere.com\/?post_type=product&#038;p=2840"},"modified":"2024-03-06T09:09:11","modified_gmt":"2024-03-06T08:09:11","slug":"residence-syrine-neuf-2","status":"publish","type":"product","link":"https:\/\/www.trust-immobiliere.com\/index.php\/produit\/residence-syrine-neuf-2\/","title":{"rendered":"VILLAS ET DUPLEX AVEC PISCINE- CHOTRANA"},"content":{"rendered":"","protected":false},"excerpt":{"rendered":"<p>L\u2019Agence TRUST IMMOBILIERE propose \u00e0 vendre des VILLAS et DUPLEX dans une r\u00e9sidence R+2 de tr\u00e8s haut standing Situ\u00e9e \u00e0 Chotrana.<\/p>\n<p>La surface des villas est de 500 m2 avec 250 m2 jardin + piscine<br \/>\nLe prix des villas est de 1.400.000 DT<br \/>\nLa surface des duplex 1 est de 215 m2 avec 70 m2 jardin + piscine<br \/>\nLe prix des duplex 1 est 650.000 DT<br \/>\nLa surface des duplex 2 est de 300 m2 avec 130 m2 jardin + piscine<br \/>\nLe prix des duplex 2 est 950.000 DT<\/p>\n","protected":false},"featured_media":2839,"comment_status":"open","ping_status":"closed","template":"","meta":[],"_links":{"self":[{"href":"https:\/\/www.trust-immobiliere.com\/index.php\/wp-json\/wp\/v2\/product\/2840"}],"collection":[{"href":"https:\/\/www.trust-immobiliere.com\/index.php\/wp-json\/wp\/v2\/product"}],"about":[{"href":"https:\/\/www.trust-immobiliere.com\/index.php\/wp-json\/wp\/v2\/types\/product"}],"replies":[{"embeddable":true,"href":"https:\/\/www.trust-immobiliere.com\/index.php\/wp-json\/wp\/v2\/comments?post=2840"}],"wp:featuredmedia":[{"embeddable":true,"href":"https:\/\/www.trust-immobiliere.com\/index.php\/wp-json\/wp\/v2\/media\/2839"}],"wp:attachment":[{"href":"https:\/\/www.trust-immobiliere.com\/index.php\/wp-json\/wp\/v2\/media?parent=2840"}],"curies":[{"name":"wp","href":"https:\/\/api.w.org\/{rel}","templated":true}]}}