{"id":2842,"date":"2020-04-15T00:30:47","date_gmt":"2020-04-14T22:30:47","guid":{"rendered":"https:\/\/www.trust-immobiliere.com\/?post_type=product&#038;p=2842"},"modified":"2020-04-15T00:33:42","modified_gmt":"2020-04-14T22:33:42","slug":"abraj-elwahat-laouina","status":"publish","type":"product","link":"https:\/\/www.trust-immobiliere.com\/index.php\/produit\/abraj-elwahat-laouina\/","title":{"rendered":"S+1\/S+2\/S+3- CITE ELWAHAT -LAOUINA"},"content":{"rendered":"","protected":false},"excerpt":{"rendered":"<p>L\u2019Agence TRUST IMMOBILIERE propose \u00e0 vendre des appartements de type  S+2\/S+3\/S+4  dans une R\u00e9sidence R+7 de haut standing Situ\u00e9e \u00e0 cite Elwahat laouina.<br \/>\nLa surface des S+2 varie entre 112 m2 et 130 m2<br \/>\nLe prix des S+2 varie entre 270.000 DT et 312.000 DT<br \/>\nLa surface des S+3 varie entre 183 m2 et 185 m2<br \/>\nLe prix des S+3 varie entre 440.000 DT et 445.000 DT<br \/>\nLa surface des S+4 est 187 m2<br \/>\nLe prix des S+4 est 450.000 DT<\/p>\n<p>Le pr\u0131x d\u2019une place de parking avec  abris 10 000 DT .<br \/>\nLe pr\u0131x d\u2019une place de parking au sous-sol est  16 000 DT<br \/>\nLa remise des cl\u00e9s est imm\u00e9diate.<\/p>\n","protected":false},"featured_media":2843,"comment_status":"open","ping_status":"closed","template":"","meta":[],"_links":{"self":[{"href":"https:\/\/www.trust-immobiliere.com\/index.php\/wp-json\/wp\/v2\/product\/2842"}],"collection":[{"href":"https:\/\/www.trust-immobiliere.com\/index.php\/wp-json\/wp\/v2\/product"}],"about":[{"href":"https:\/\/www.trust-immobiliere.com\/index.php\/wp-json\/wp\/v2\/types\/product"}],"replies":[{"embeddable":true,"href":"https:\/\/www.trust-immobiliere.com\/index.php\/wp-json\/wp\/v2\/comments?post=2842"}],"wp:featuredmedia":[{"embeddable":true,"href":"https:\/\/www.trust-immobiliere.com\/index.php\/wp-json\/wp\/v2\/media\/2843"}],"wp:attachment":[{"href":"https:\/\/www.trust-immobiliere.com\/index.php\/wp-json\/wp\/v2\/media?parent=2842"}],"curies":[{"name":"wp","href":"https:\/\/api.w.org\/{rel}","templated":true}]}}