{"id":2846,"date":"2020-04-15T01:02:20","date_gmt":"2020-04-14T23:02:20","guid":{"rendered":"https:\/\/www.trust-immobiliere.com\/?post_type=product&#038;p=2846"},"modified":"2024-04-22T17:59:59","modified_gmt":"2024-04-22T15:59:59","slug":"elbosten-hammamet-sud-neuf","status":"publish","type":"product","link":"https:\/\/www.trust-immobiliere.com\/index.php\/produit\/elbosten-hammamet-sud-neuf\/","title":{"rendered":"S+1\/S+2 -HAMMAMET SUD"},"content":{"rendered":"","protected":false},"excerpt":{"rendered":"<p>A vendre des appartements de tr\u00e8s haut standing Situ\u00e9s dans un immeuble r\u00e9sidentiel R+4 \u00e0 HAMMAMET SUD.<\/p>\n<p>Les appartements sont de type S+1\/S+2<br \/>\nLa surface des S+1 varie entre 54 m2 et 82 m2<br \/>\nLe prix des S+1 var\u0131e entre 210.000 DT et 320,000 DT<br \/>\nLa surface des S+2 varie entre 110 m2 et 145 m2<br \/>\nLe prix des S+2 var\u0131e entre 290.000 DT et 385,000 DT<\/p>\n<p>Le prix d\u2019une place de park\u0131ng au sous-sol est 15.000 DT.<br \/>\nLa Remise des cl\u00e9s est imm\u00e9diate.<\/p>\n","protected":false},"featured_media":2847,"comment_status":"open","ping_status":"closed","template":"","meta":[],"_links":{"self":[{"href":"https:\/\/www.trust-immobiliere.com\/index.php\/wp-json\/wp\/v2\/product\/2846"}],"collection":[{"href":"https:\/\/www.trust-immobiliere.com\/index.php\/wp-json\/wp\/v2\/product"}],"about":[{"href":"https:\/\/www.trust-immobiliere.com\/index.php\/wp-json\/wp\/v2\/types\/product"}],"replies":[{"embeddable":true,"href":"https:\/\/www.trust-immobiliere.com\/index.php\/wp-json\/wp\/v2\/comments?post=2846"}],"wp:featuredmedia":[{"embeddable":true,"href":"https:\/\/www.trust-immobiliere.com\/index.php\/wp-json\/wp\/v2\/media\/2847"}],"wp:attachment":[{"href":"https:\/\/www.trust-immobiliere.com\/index.php\/wp-json\/wp\/v2\/media?parent=2846"}],"curies":[{"name":"wp","href":"https:\/\/api.w.org\/{rel}","templated":true}]}}