{"id":2862,"date":"2020-04-15T13:30:04","date_gmt":"2020-04-15T11:30:04","guid":{"rendered":"https:\/\/www.trust-immobiliere.com\/?post_type=product&#038;p=2862"},"modified":"2025-09-27T15:49:08","modified_gmt":"2025-09-27T13:49:08","slug":"opportunite-dune-ferme-a-nabeul","status":"publish","type":"product","link":"https:\/\/www.trust-immobiliere.com\/index.php\/produit\/opportunite-dune-ferme-a-nabeul\/","title":{"rendered":"OPPORTUNITE D\u2019UNE FERME A NABEUL"},"content":{"rendered":"","protected":false},"excerpt":{"rendered":"<p>Une ferme de 12 400 m\u00b2 situ\u00e9e sur une route principale \u00e0 Somaa Nabeul , plant\u00e9e d&rsquo;olives, de figues et de poires.<br \/>\nElle est cl\u00f4tur\u00e9e et dispose d&rsquo;une fa\u00e7ade de 153 m\u00b2.<br \/>\nLa ferme a un fort potentiel gr\u00e2ce \u00e0  son emplacement strat\u00e9gique, possibilit\u00e9 de b\u00e2tir une maison d\u2019H\u00f4te.<br \/>\nLa pr\u00e9sence d&rsquo;une fameuse maison arabesque qui se compose d&rsquo;un grand salon + 3 chambres \u00e0 Coucher (dont 2 suites parentales+ une avec SDB + SD avec douche \u00e0 l&rsquo;italienne) la cuisine est agenc\u00e9e avec une vaste terrasse<br \/>\nSyst\u00e8me d&rsquo;alarme et des cam\u00e9ras de surveillance couvrant la ferme.<\/p>\n<p>PRIX :380\u202f000 DT<br \/>\nR\u00e9f\u00e9rence: 1536<\/p>\n<p>Pour toute autre information, merci de contacter : 55 33 17 23 ou 55 57 11 44<\/p>\n","protected":false},"featured_media":2863,"comment_status":"open","ping_status":"closed","template":"","meta":[],"_links":{"self":[{"href":"https:\/\/www.trust-immobiliere.com\/index.php\/wp-json\/wp\/v2\/product\/2862"}],"collection":[{"href":"https:\/\/www.trust-immobiliere.com\/index.php\/wp-json\/wp\/v2\/product"}],"about":[{"href":"https:\/\/www.trust-immobiliere.com\/index.php\/wp-json\/wp\/v2\/types\/product"}],"replies":[{"embeddable":true,"href":"https:\/\/www.trust-immobiliere.com\/index.php\/wp-json\/wp\/v2\/comments?post=2862"}],"wp:featuredmedia":[{"embeddable":true,"href":"https:\/\/www.trust-immobiliere.com\/index.php\/wp-json\/wp\/v2\/media\/2863"}],"wp:attachment":[{"href":"https:\/\/www.trust-immobiliere.com\/index.php\/wp-json\/wp\/v2\/media?parent=2862"}],"curies":[{"name":"wp","href":"https:\/\/api.w.org\/{rel}","templated":true}]}}